{"id":18311,"date":"2024-05-06T13:35:00","date_gmt":"2024-05-06T11:35:00","guid":{"rendered":"https:\/\/xevivilaregut.predev.eu\/?page_id=18311"},"modified":"2026-03-20T14:21:35","modified_gmt":"2026-03-20T13:21:35","slug":"qui-soc","status":"publish","type":"page","link":"https:\/\/xevivilaregut.predev.eu\/ca\/qui-soc\/","title":{"rendered":"Qui s\u00f3c"},"content":{"rendered":"\t\t<div data-elementor-type=\"wp-page\" data-elementor-id=\"18311\" class=\"elementor elementor-18311 elementor-2592\">\n\t\t\t\t        <section class=\"elementor-section elementor-top-section elementor-element elementor-element-3c2052b elementor-section-stretched elementor-section-boxed elementor-section-height-default elementor-section-height-default pxl-row-scroll-none pxl-column-overflow-gradient-top-no pxl-column-overflow-gradient-bottom-no pxl-section-bg-none\" data-id=\"3c2052b\" data-element_type=\"section\" data-e-type=\"section\" data-settings=\"{&quot;stretch_section&quot;:&quot;section-stretched&quot;,&quot;background_background&quot;:&quot;classic&quot;}\">\n\n                \n        <div class=\"pxl-section-effect-images\"><img data-parallax-value=\"\" \r\n\t\tdata-parallax=\"{&quot;x&quot;:80}\" \r\n\t\tclass=\"pxl-item--image light elementor-repeater-item-536f104 pxl-parallax-scroll pxl-hide-sr-lg pxl-hide-sr-md \" \r\n\t\tsrc=\"\" \/>\r\n\t\t<img data-parallax-value=\"\" \r\n\t\tdata-parallax=\"{&quot;x&quot;:80}\" \r\n\t\tclass=\"pxl-item--image dark elementor-repeater-item-536f104 pxl-parallax-scroll pxl-hide-sr-lg pxl-hide-sr-md \" \r\n\t\tsrc=\"\" \/><div class=\"pxl-overlay--gradient\"><\/div><\/div>        <div class=\"elementor-container elementor-column-gap-extended \">\n                <div class=\"elementor-column elementor-col-50 elementor-top-column elementor-element elementor-element-4f01549 pxl-section-offset-none pxl-column-none\" data-id=\"4f01549\" data-element_type=\"column\" data-e-type=\"column\">\r\n        <div class=\"elementor-widget-wrap elementor-element-populated\">\r\n                     \r\n        \t\t<div class=\"elementor-element elementor-element-1f35d7b elementor-widget elementor-widget-pxl_heading\" data-id=\"1f35d7b\" data-element_type=\"widget\" data-e-type=\"widget\" data-widget_type=\"pxl_heading.default\">\n\t\t\t\t<div class=\"elementor-widget-container\">\n\t\t\t\t\t<div class=\"pxl-heading  \">\n\t<div class=\"pxl-heading--inner \">\n\t\t\t\t<h2 class=\"pxl-item--title style1 df divider-none   \" data-wow-delay=\"ms\" data-wow-duration=\"1.2s\">\n\t\tRecorregut fotogr\u00e0fic i on m&#8217;he format\t\t\t\t<\/h2>\n\t<\/div>\n<\/div>\n\t\t\t\t<\/div>\n\t\t\t\t<\/div>\n\t\t\t\t<div class=\"elementor-element elementor-element-dac041c elementor-widget elementor-widget-pxl_text_editor\" data-id=\"dac041c\" data-element_type=\"widget\" data-e-type=\"widget\" data-widget_type=\"pxl_text_editor.default\">\n\t\t\t\t<div class=\"elementor-widget-container\">\n\t\t\t\t\t<div class=\"pxl-text-editor \" data-wow-delay=\"ms\" data-wow-duration=\"1.2s\">\n\t<div class=\"pxl-item--inner    \">\n\t\t<p>Vaig comen\u00e7ar a fer fotos el 1987, de forma autodid\u00e0ctica al principi, i amb l&#8217;ajuda dels membres del GFM despr\u00e9s, vaig assimilar moltes de les t\u00e8cniques en fotografia cl\u00e0ssica-qu\u00edmica. Assisteixo a tallers amb especialistes de mat\u00e8ries molt concretes: laboratori en B&amp;N avan\u00e7at, transfer de polaroids, virats, processos antics\u2026 Amb el nou segle comen\u00e7o amb les t\u00e8cniques digitals, i aviat formen part del meu modus operandi. Tampoc he deixat d&#8217;aprendre les noves t\u00e8cniques i\/o tecnologies, programes i sistemes de treball, fins ara, que a m\u00e9s de seguir millorant en tallers, m&#8217;estic formant de forma autodid\u00e0ctica i amb l&#8217;ajuda d&#8217;especialistes de manera presencial o en l\u00ednia.<\/p><p>A banda del recorregut abans esmentat, vaig fer un curs d&#8217;un any de Photoshop al Taller d&#8217;Arts i Oficis de Berga. Taller de gesti\u00f3 del color amb Hugo Rodr\u00edguez. Diversos tallers amb Espai fotogr\u00e0fic: DCRaw, Cambres T\u00e8cniques, Processos antics, Il\u00b7luminaci\u00f3. Postgrau a l&#8217;Institut d&#8217;Estudis Fotogr\u00e0fics sobre Gesti\u00f3 i Conservaci\u00f3 de Col\u00b7leccions Fotogr\u00e0fiques. Taller del proc\u00e9s del Col\u00b7lodi\u00f3 humit al taller Milans. Fets m\u00e9s destacats.<\/p><p><span style=\"font-weight: 400\">Obtinc l&#8217;Adobe Certified Expert a Adobe Photoshop Lightroom.<\/span><\/p>\t<\/div>\n<\/div>\n\t\t\t\t<\/div>\n\t\t\t\t<\/div>\n\t\t\t\t<div class=\"elementor-element elementor-element-7693bc4 elementor-widget elementor-widget-pxl_image\" data-id=\"7693bc4\" data-element_type=\"widget\" data-e-type=\"widget\" data-widget_type=\"pxl_image.default\">\n\t\t\t\t<div class=\"elementor-widget-container\">\n\t\t\t\t\t<div class=\"pxl-image-single pxl-image-single1  \" data-wow-delay=\"ms\" data-wow-duration=\"1.2s\">\r\n    \r\n            <div class=\"pxl-item--image\">\r\n                        <img fetchpriority=\"high\" decoding=\"async\" width=\"1150\" height=\"299\" src=\"https:\/\/xevivilaregut.predev.eu\/wp-content\/uploads\/2026\/01\/Adobe-Lightroom-Certified-Expert.webp\" class=\"no-lazyload attachment-full\" alt=\"\" loading=\"eager\" \/>                    <\/div>\r\n        <\/div>\t\t\t\t<\/div>\n\t\t\t\t<\/div>\n\t\t\t\t<div class=\"elementor-element elementor-element-2985c48 elementor-widget elementor-widget-pxl_text_editor\" data-id=\"2985c48\" data-element_type=\"widget\" data-e-type=\"widget\" data-widget_type=\"pxl_text_editor.default\">\n\t\t\t\t<div class=\"elementor-widget-container\">\n\t\t\t\t\t<div class=\"pxl-text-editor \" data-wow-delay=\"ms\" data-wow-duration=\"1.2s\">\n\t<div class=\"pxl-item--inner    \">\n\t\t<span style=\"font-weight: 400\">Despr\u00e9s de fer de Jurat en nombrosos concursos fotogr\u00e0fics a tot Catalunya, em nomenen Jurat de bronze, t\u00edtol atorgat per la Federaci\u00f3 Catalana de Fotografia &#8220;JBFCF&#8221;. He obtingut diversos premis fotogr\u00e0fics, i he estat nomenat Artista Reconegut per la Federaci\u00f3 Catalana de Fotografia &#8220;AFCF&#8221;. Exposicions diverses de manera col\u00b7lectiva i individuals. He impartit tallers sobre gesti\u00f3 del color al II Congr\u00e9s de Jurats de la Federaci\u00f3 Catalana de Fotografia i en diferents agrupacions. Imparteixo formaci\u00f3 per l&#8217;empresa FAQ.cat dedicat a la formaci\u00f3 espec\u00edfica d&#8217;Adobe. He fet cursos de diferents \u00e0mbits a la Diputaci\u00f3 de Barcelona, \u200b\u200bDiari Segre, Departament de Publicacions i Fotografia de la Universitat de Lleida, INEM, Infocentre de Vic, Fundaci\u00f3 Mil\u00b7lenari, i a t\u00edtol particular a diversos fot\u00f2grafs. Vaig obtenir l&#8217;acreditaci\u00f3 XRite Coloratti per la meva feina com a gestor del color.<\/span>\t<\/div>\n<\/div>\n\t\t\t\t<\/div>\n\t\t\t\t<\/div>\n\t\t\t\t<div class=\"elementor-element elementor-element-3233b93 elementor-widget elementor-widget-pxl_image\" data-id=\"3233b93\" data-element_type=\"widget\" data-e-type=\"widget\" data-widget_type=\"pxl_image.default\">\n\t\t\t\t<div class=\"elementor-widget-container\">\n\t\t\t\t\t<div class=\"pxl-image-single pxl-image-single1  \" data-wow-delay=\"ms\" data-wow-duration=\"1.2s\">\r\n    \r\n            <div class=\"pxl-item--image\">\r\n                        <img decoding=\"async\" width=\"300\" height=\"100\" src=\"https:\/\/xevivilaregut.predev.eu\/wp-content\/uploads\/2026\/01\/23-e1769433082236-300x100.jpg\" class=\"no-lazyload attachment-medium\" alt=\"\" loading=\"eager\" \/>                    <\/div>\r\n        <\/div>\t\t\t\t<\/div>\n\t\t\t\t<\/div>\n\t\t            <\/div>\r\n        <\/div>\r\n                <div class=\"elementor-column elementor-col-50 elementor-top-column elementor-element elementor-element-9cc29ac pxl-section-offset-none pxl-column-none\" data-id=\"9cc29ac\" data-element_type=\"column\" data-e-type=\"column\">\r\n        <div class=\"elementor-widget-wrap elementor-element-populated\">\r\n                     \r\n        \t\t<div class=\"elementor-element elementor-element-5b7f081 elementor-widget elementor-widget-pxl_image\" data-id=\"5b7f081\" data-element_type=\"widget\" data-e-type=\"widget\" data-widget_type=\"pxl_image.default\">\n\t\t\t\t<div class=\"elementor-widget-container\">\n\t\t\t\t\t<div class=\"pxl-image-single pxl-image-single1 pxl-image-tilt wow fadeInUp\" data-wow-delay=\"ms\" data-wow-duration=\"1.2s\">\r\n    \r\n            <div class=\"pxl-item--image\">\r\n                        <img decoding=\"async\" width=\"1067\" height=\"1600\" src=\"https:\/\/xevivilaregut.predev.eu\/wp-content\/uploads\/2026\/01\/01.jpg\" class=\"no-lazyload attachment-full\" alt=\"\" loading=\"eager\" \/>                    <\/div>\r\n        <\/div>\t\t\t\t<\/div>\n\t\t\t\t<\/div>\n\t\t            <\/div>\r\n        <\/div>\r\n        \t\t\t<\/div>\n\t\t<\/section>\n\t\t\t\t<\/div>\n\t\t","protected":false},"excerpt":{"rendered":"<p>Recorregut fotogr\u00e0fic i on m&#8217;he format Vaig comen\u00e7ar a fer fotos el 1987, de forma autodid\u00e0ctica al principi, i amb l&#8217;ajuda dels membres del GFM despr\u00e9s, vaig assimilar moltes de les t\u00e8cniques en fotografia cl\u00e0ssica-qu\u00edmica. Assisteixo a tallers amb especialistes de mat\u00e8ries molt concretes: laboratori en B&amp;N avan\u00e7at, transfer de polaroids, virats, processos antics\u2026 Amb [&hellip;]<\/p>\n","protected":false},"author":1,"featured_media":0,"parent":0,"menu_order":0,"comment_status":"closed","ping_status":"closed","template":"","meta":{"footnotes":""},"class_list":["post-18311","page","type-page","status-publish","hentry"],"_links":{"self":[{"href":"https:\/\/xevivilaregut.predev.eu\/ca\/wp-json\/wp\/v2\/pages\/18311","targetHints":{"allow":["GET"]}}],"collection":[{"href":"https:\/\/xevivilaregut.predev.eu\/ca\/wp-json\/wp\/v2\/pages"}],"about":[{"href":"https:\/\/xevivilaregut.predev.eu\/ca\/wp-json\/wp\/v2\/types\/page"}],"author":[{"embeddable":true,"href":"https:\/\/xevivilaregut.predev.eu\/ca\/wp-json\/wp\/v2\/users\/1"}],"replies":[{"embeddable":true,"href":"https:\/\/xevivilaregut.predev.eu\/ca\/wp-json\/wp\/v2\/comments?post=18311"}],"version-history":[{"count":4,"href":"https:\/\/xevivilaregut.predev.eu\/ca\/wp-json\/wp\/v2\/pages\/18311\/revisions"}],"predecessor-version":[{"id":18316,"href":"https:\/\/xevivilaregut.predev.eu\/ca\/wp-json\/wp\/v2\/pages\/18311\/revisions\/18316"}],"wp:attachment":[{"href":"https:\/\/xevivilaregut.predev.eu\/ca\/wp-json\/wp\/v2\/media?parent=18311"}],"curies":[{"name":"wp","href":"https:\/\/api.w.org\/{rel}","templated":true}]}}