{"id":18318,"date":"2024-04-30T10:29:15","date_gmt":"2024-04-30T08:29:15","guid":{"rendered":"https:\/\/xevivilaregut.predev.eu\/?page_id=18318"},"modified":"2026-03-19T15:38:07","modified_gmt":"2026-03-19T14:38:07","slug":"contacte","status":"publish","type":"page","link":"https:\/\/xevivilaregut.predev.eu\/ca\/contacte\/","title":{"rendered":"Contacte"},"content":{"rendered":"\t\t<div data-elementor-type=\"wp-page\" data-elementor-id=\"18318\" class=\"elementor elementor-18318 elementor-2095\">\n\t\t\t\t        <section class=\"elementor-section elementor-top-section elementor-element elementor-element-8c70b94 elementor-section-stretched elementor-section-boxed elementor-section-height-default elementor-section-height-default pxl-row-scroll-none pxl-column-overflow-gradient-top-no pxl-column-overflow-gradient-bottom-no pxl-section-bg-none\" data-id=\"8c70b94\" data-element_type=\"section\" data-e-type=\"section\" data-settings=\"{&quot;stretch_section&quot;:&quot;section-stretched&quot;}\">\n\n                \n                <div class=\"elementor-container elementor-column-gap-extended \">\n                <div class=\"elementor-column elementor-col-100 elementor-top-column elementor-element elementor-element-544c62c pxl-section-offset-none pxl-column-none\" data-id=\"544c62c\" data-element_type=\"column\" data-e-type=\"column\">\r\n        <div class=\"elementor-widget-wrap elementor-element-populated\">\r\n                     \r\n        \t\t<div class=\"elementor-element elementor-element-1813536 elementor-widget elementor-widget-google_maps\" data-id=\"1813536\" data-element_type=\"widget\" data-e-type=\"widget\" data-widget_type=\"google_maps.default\">\n\t\t\t\t\t\t\t<div class=\"elementor-custom-embed\">\n\t\t\t<iframe loading=\"lazy\"\n\t\t\t\t\tsrc=\"https:\/\/maps.google.com\/maps?q=carrer%20Sant%20antoni%2021%2C%201r%2C1a%2C%20Manlleu&#038;t=m&#038;z=16&#038;output=embed&#038;iwloc=near\"\n\t\t\t\t\ttitle=\"carrer Sant antoni 21, 1r,1a, Manlleu\"\n\t\t\t\t\taria-label=\"carrer Sant antoni 21, 1r,1a, Manlleu\"\n\t\t\t><\/iframe>\n\t\t<\/div>\n\t\t\t\t\t\t<\/div>\n\t\t            <\/div>\r\n        <\/div>\r\n        \t\t\t<\/div>\n\t\t<\/section>\n\t\t        <section class=\"elementor-section elementor-top-section elementor-element elementor-element-1bae4be elementor-section-stretched bg-dark elementor-section-boxed elementor-section-height-default elementor-section-height-default pxl-row-scroll-none pxl-column-overflow-gradient-top-no pxl-column-overflow-gradient-bottom-no pxl-section-bg-none\" data-id=\"1bae4be\" data-element_type=\"section\" data-e-type=\"section\" data-settings=\"{&quot;stretch_section&quot;:&quot;section-stretched&quot;,&quot;background_background&quot;:&quot;classic&quot;}\">\n\n                            <div class=\"elementor-background-overlay\"><\/div>\n            \n                <div class=\"elementor-container elementor-column-gap-extended \">\n                <div class=\"elementor-column elementor-col-50 elementor-top-column elementor-element elementor-element-a22d474 pxl-section-offset-none pxl-column-none\" data-id=\"a22d474\" data-element_type=\"column\" data-e-type=\"column\">\r\n        <div class=\"elementor-widget-wrap elementor-element-populated\">\r\n                     \r\n        \t\t<div class=\"elementor-element elementor-element-b27e001 elementor-widget elementor-widget-pxl_heading\" data-id=\"b27e001\" data-element_type=\"widget\" data-e-type=\"widget\" data-widget_type=\"pxl_heading.default\">\n\t\t\t\t<div class=\"elementor-widget-container\">\n\t\t\t\t\t<div class=\"pxl-heading  \">\n\t<div class=\"pxl-heading--inner \">\n\t\t\t\t\t<div class=\"pxl-item--subtitle  df\" data-wow-delay=\"ms\" data-wow-duration=\"1.2s\"><span>            <span class=\"pxl-sub--highlight\">\n                01  \/\/              <\/span>\n          Contacta amb mi<\/span><\/div>\n\t\t\t\t<h2 class=\"pxl-item--title style1 df divider-none   \" data-wow-delay=\"ms\" data-wow-duration=\"1.2s\">\n\t\tEscriu-me per a qualsevol             <span class=\"pxl-title--highlight\">\n                consulta            <\/span>\n        \t\t\t\t<\/h2>\n\t<\/div>\n<\/div>\n\t\t\t\t<\/div>\n\t\t\t\t<\/div>\n\t\t\t\t<div class=\"elementor-element elementor-element-b967c75 elementor-widget elementor-widget-pxl_contact_info\" data-id=\"b967c75\" data-element_type=\"widget\" data-e-type=\"widget\" data-widget_type=\"pxl_contact_info.default\">\n\t\t\t\t<div class=\"elementor-widget-container\">\n\t\t\t\t\t<div class=\"pxl-contact-info pxl-contact-info1 \" data-wow-delay=\"ms\" data-wow-duration=\"1.2s\">\r\n    <div class=\"pxl-item--inner\">\r\n                            <span class=\"pxl-item--title\">TRUCA'NS PER A QUALSEVOL CONSULTA<\/span>\r\n                            <div class=\"pxl-item--description\">\r\n                 <a href=\"tel:123 45677345\">                     <a href=\"tel:+34689063501\">+34 689063501<\/a>                 <\/a>             <\/div>\r\n            <\/div>\r\n<\/div>\t\t\t\t<\/div>\n\t\t\t\t<\/div>\n\t\t\t\t<div class=\"elementor-element elementor-element-7dffbf5 elementor-widget elementor-widget-pxl_contact_info\" data-id=\"7dffbf5\" data-element_type=\"widget\" data-e-type=\"widget\" data-widget_type=\"pxl_contact_info.default\">\n\t\t\t\t<div class=\"elementor-widget-container\">\n\t\t\t\t\t<div class=\"pxl-contact-info pxl-contact-info1 \" data-wow-delay=\"ms\" data-wow-duration=\"1.2s\">\r\n    <div class=\"pxl-item--inner\">\r\n                            <span class=\"pxl-item--title\">ENVIA'NS UN CORREU ELECTR\u00d2NIC<\/span>\r\n                            <div class=\"pxl-item--description\">\r\n                 <a href=\"mailto:kimonophotography@email.com\">                     <a href=\"mailto:info@xevivilaregut.com\">info@xevivilaregut.com<\/a>                 <\/a>             <\/div>\r\n            <\/div>\r\n<\/div>\t\t\t\t<\/div>\n\t\t\t\t<\/div>\n\t\t            <\/div>\r\n        <\/div>\r\n                <div class=\"elementor-column elementor-col-50 elementor-top-column elementor-element elementor-element-327be29 pxl-section-offset-none pxl-column-none\" data-id=\"327be29\" data-element_type=\"column\" data-e-type=\"column\">\r\n        <div class=\"elementor-widget-wrap elementor-element-populated\">\r\n                     \r\n        \t\t<div class=\"elementor-element elementor-element-956bf2c elementor-widget elementor-widget-pxl_contact_form\" data-id=\"956bf2c\" data-element_type=\"widget\" data-e-type=\"widget\" data-widget_type=\"pxl_contact_form.default\">\n\t\t\t\t<div class=\"elementor-widget-container\">\n\t\t\t\t\t    <div class=\"pxl-contact-form pxl-contact-form1 style1 \" data-wow-delay=\"ms\" data-wow-duration=\"1.2s\">\r\n                \n<div class=\"wpcf7 no-js\" id=\"wpcf7-f18327-o1\" lang=\"ca\" dir=\"ltr\" data-wpcf7-id=\"18327\">\n<div class=\"screen-reader-response\"><p role=\"status\" aria-live=\"polite\" aria-atomic=\"true\"><\/p> <ul><\/ul><\/div>\n<form action=\"\/ca\/wp-json\/wp\/v2\/pages\/18318#wpcf7-f18327-o1\" method=\"post\" class=\"wpcf7-form init\" aria-label=\"Formulari de contacte\" novalidate=\"novalidate\" data-status=\"init\">\n<fieldset class=\"hidden-fields-container\"><input type=\"hidden\" name=\"_wpcf7\" value=\"18327\" \/><input type=\"hidden\" name=\"_wpcf7_version\" value=\"6.1.5\" \/><input type=\"hidden\" name=\"_wpcf7_locale\" value=\"ca\" \/><input type=\"hidden\" name=\"_wpcf7_unit_tag\" value=\"wpcf7-f18327-o1\" \/><input type=\"hidden\" name=\"_wpcf7_container_post\" value=\"0\" \/><input type=\"hidden\" name=\"_wpcf7_posted_data_hash\" value=\"\" \/>\n<\/fieldset>\n<div class=\"wp-row-ctf7 contact-form-custom1\">\n\t<div class=\"row input-contact\">\n\t\t<div class=\"col-lg-6 col-md-6 col-sm-12\">\n\t\t\t<div class=\"input-filled\">\n\t\t\t\t<p><span class=\"wpcf7-form-control-wrap\" data-name=\"your-name\"><input size=\"40\" maxlength=\"400\" class=\"wpcf7-form-control wpcf7-text wpcf7-validates-as-required\" id=\"namefield\" aria-required=\"true\" aria-invalid=\"false\" placeholder=\"El teu nom complet\" value=\"\" type=\"text\" name=\"your-name\" \/><\/span>\n\t\t\t\t<\/p>\n\t\t\t<\/div>\n\t\t<\/div>\n\t\t<div class=\"col-lg-6 col-md-6 col-sm-12\">\n\t\t\t<div class=\"input-filled\">\n\t\t\t\t<p><span class=\"wpcf7-form-control-wrap\" data-name=\"your-email\"><input size=\"40\" maxlength=\"400\" class=\"wpcf7-form-control wpcf7-email wpcf7-validates-as-required wpcf7-text wpcf7-validates-as-email\" id=\"mailfield\" aria-required=\"true\" aria-invalid=\"false\" placeholder=\"Adre\u00e7a de correu electr\u00f2nic\" value=\"\" type=\"email\" name=\"your-email\" \/><\/span>\n\t\t\t\t<\/p>\n\t\t\t<\/div>\n\t\t<\/div>\n\t\t<div class=\"col-12\">\n\t\t\t<div class=\"input-filled\">\n\t\t\t\t<p><span class=\"wpcf7-form-control-wrap\" data-name=\"your-subject\"><input size=\"40\" maxlength=\"400\" class=\"wpcf7-form-control wpcf7-text wpcf7-validates-as-required\" id=\"textfield\" aria-required=\"true\" aria-invalid=\"false\" placeholder=\"Assumpte\" value=\"\" type=\"text\" name=\"your-subject\" \/><\/span>\n\t\t\t\t<\/p>\n\t\t\t<\/div>\n\t\t<\/div>\n\t<\/div>\n\t<div class=\"row input-contact large\">\n\t\t<div class=\"col-12\">\n\t\t\t<div class=\"input-filled\">\n\t\t\t\t<p><span class=\"wpcf7-form-control-wrap\" data-name=\"your-message\"><textarea cols=\"40\" rows=\"10\" maxlength=\"2000\" class=\"wpcf7-form-control wpcf7-textarea wpcf7-validates-as-required\" id=\"messagefield\" aria-required=\"true\" aria-invalid=\"false\" placeholder=\"Missatge\" name=\"your-message\"><\/textarea><\/span>\n\t\t\t\t<\/p>\n\t\t\t<\/div>\n\t\t<\/div>\n\t<\/div>\n\t<div class=\"row button-contact\">\n\t\t<div class=\"col-12\">\n\t\t\t<div style=\"margin-left:-20px; padding-bottom:5px\">\n\t\t\t\t<p><span class=\"wpcf7-form-control-wrap\" data-name=\"acceptance-19\"><span class=\"wpcf7-form-control wpcf7-acceptance\"><span class=\"wpcf7-list-item\"><label><input type=\"checkbox\" name=\"acceptance-19\" value=\"1\" aria-invalid=\"false\" \/><span class=\"wpcf7-list-item-label\">He llegit i accepto la <a style=\"text-decoration:underline\" href=\"\/politica-privacidad\">pol\u00edtica privacitat<\/a><\/span><\/label><\/span><\/span><\/span>\n\t\t\t\t<\/p>\n\t\t\t<\/div>\n\t\t<\/div>\n\t\t<div class=\"col-12\">\n\t\t\t<div class=\"btn-form\">\n\t\t\t\t<p><button type=\"submit\" class=\"wpcf7-submit btn btn-default pxl-wobble\" data-animation=\"pxl-xspin\"><span>Enviar missatge<\/span><\/button>\n\t\t\t\t<\/p>\n\t\t\t<\/div>\n\t\t<\/div>\n\t<\/div>\n<\/div><div class=\"wpcf7-response-output\" aria-hidden=\"true\"><\/div>\n<\/form>\n<\/div>\n    <\/div>\r\n    \t\t\t\t<\/div>\n\t\t\t\t<\/div>\n\t\t            <\/div>\r\n        <\/div>\r\n        \t\t\t<\/div>\n\t\t<\/section>\n\t\t\t\t<\/div>\n\t\t","protected":false},"excerpt":{"rendered":"<p>01 \/\/ Contacta amb mi Escriu-me per a qualsevol consulta TRUCA&#8217;NS PER A QUALSEVOL CONSULTA +34 689063501 ENVIA&#8217;NS UN CORREU ELECTR\u00d2NIC info@xevivilaregut.com He le\u00eddo y acepto la pol\u00edtica privacidad Enviar mensaje<\/p>\n","protected":false},"author":1,"featured_media":0,"parent":0,"menu_order":0,"comment_status":"closed","ping_status":"closed","template":"","meta":{"footnotes":""},"class_list":["post-18318","page","type-page","status-publish","hentry"],"_links":{"self":[{"href":"https:\/\/xevivilaregut.predev.eu\/ca\/wp-json\/wp\/v2\/pages\/18318","targetHints":{"allow":["GET"]}}],"collection":[{"href":"https:\/\/xevivilaregut.predev.eu\/ca\/wp-json\/wp\/v2\/pages"}],"about":[{"href":"https:\/\/xevivilaregut.predev.eu\/ca\/wp-json\/wp\/v2\/types\/page"}],"author":[{"embeddable":true,"href":"https:\/\/xevivilaregut.predev.eu\/ca\/wp-json\/wp\/v2\/users\/1"}],"replies":[{"embeddable":true,"href":"https:\/\/xevivilaregut.predev.eu\/ca\/wp-json\/wp\/v2\/comments?post=18318"}],"version-history":[{"count":8,"href":"https:\/\/xevivilaregut.predev.eu\/ca\/wp-json\/wp\/v2\/pages\/18318\/revisions"}],"predecessor-version":[{"id":18326,"href":"https:\/\/xevivilaregut.predev.eu\/ca\/wp-json\/wp\/v2\/pages\/18318\/revisions\/18326"}],"wp:attachment":[{"href":"https:\/\/xevivilaregut.predev.eu\/ca\/wp-json\/wp\/v2\/media?parent=18318"}],"curies":[{"name":"wp","href":"https:\/\/api.w.org\/{rel}","templated":true}]}}