{"id":18337,"date":"2026-02-23T13:04:57","date_gmt":"2026-02-23T12:04:57","guid":{"rendered":"https:\/\/xevivilaregut.predev.eu\/?page_id=18337"},"modified":"2026-03-23T11:12:52","modified_gmt":"2026-03-23T10:12:52","slug":"avis-legal","status":"publish","type":"page","link":"https:\/\/xevivilaregut.predev.eu\/ca\/avis-legal\/","title":{"rendered":"Av\u00eds legal"},"content":{"rendered":"\t\t<div data-elementor-type=\"wp-page\" data-elementor-id=\"18337\" class=\"elementor elementor-18337 elementor-17971\">\n\t\t\t\t<div class=\"elementor-element elementor-element-f9a0b7e e-flex e-con-boxed e-con e-parent \" data-id=\"f9a0b7e\" data-element_type=\"container\" data-e-type=\"container\">\t\t\t<div class=\"e-con-inner\">\r\n\t\t\t\t<div class=\"elementor-element elementor-element-4a339c5 elementor-widget elementor-widget-pxl_text_editor\" data-id=\"4a339c5\" data-element_type=\"widget\" data-e-type=\"widget\" data-widget_type=\"pxl_text_editor.default\">\n\t\t\t\t<div class=\"elementor-widget-container\">\n\t\t\t\t\t<div class=\"pxl-text-editor \" data-wow-delay=\"ms\" data-wow-duration=\"1.2s\">\n\t<div class=\"pxl-item--inner    \">\n\t\t<p><span style=\"font-weight: 400\">Per complir amb l&#8217;article 10 de la Llei 34\/2002 de Serveis de la Societat de la Informaci\u00f3 i del Comer\u00e7 Electr\u00f2nic, informem els usuaris de les nostres dades:<\/span><\/p><p>\u00a0<\/p><p><span style=\"font-weight: 400\">Denominaci\u00f3 Social: <\/span><b>Xavier Vilaregut Saez<\/b><\/p><p><span style=\"font-weight: 400\">Domicili Social: <\/span><b>Carrer Sant Antoni 21, 1r, 1a. 08560, Manlleu\u00a0<\/b><\/p><p><span style=\"font-weight: 400\">NIF: <\/span><b>33942743X<\/b><\/p><p><span style=\"font-weight: 400\">Tel\u00e8fon:<\/span><b> 689063501<\/b><\/p><p><span style=\"font-weight: 400\">E-mail: <\/span><b>info@xevivilaregut.com<\/b><\/p><p><b>\u00a0<\/b><\/p><p><strong> OBJECTE<\/strong><\/p><p><b>Xavier Vilaregut Saez<\/b><span style=\"font-weight: 400\"> (Des d&#8217;ara tamb\u00e9 el prestador) posa a la disposici\u00f3 dels usuaris el present document, que regula l&#8217;\u00fas del lloc web <\/span><b>https:\/\/xevivilaregut.com\/<\/b><span style=\"font-weight: 400\">, amb el qual pretenem donar compliment a les obligacions que disposa la Llei 34\/2002, de serveis de la Societat de la Informaci\u00f3 i del Comer\u00e7 Electr\u00f2nic (LSSICE o LSSI), aix\u00ed com informar a tots els usuaris del lloc web sobre quines s\u00f3n les seves condicions.<\/span><span style=\"font-weight: 400\">\u00a0<\/span><\/p><p><span style=\"font-weight: 400\">Qualsevol persona que accedeixi a aquesta web assumeix el paper d&#8217;usuari (d&#8217;ara endavant l&#8217;usuari), i implica l&#8217;acceptaci\u00f3 total i sense reserves de totes i cadascuna de les disposicions incloses en aquest Av\u00eds Legal, aix\u00ed com qualssevol altres disposicions legals que fossin aplicable.<\/span><\/p><p><span style=\"font-weight: 400\">Com a usuaris, han de llegir atentament el present Av\u00eds Legal en qualsevol de les ocasions que entrin al web, ja que aquesta pot sofrir modificacions, ja que el prestador es reserva el dret a modificar qualsevol mena d&#8217;informaci\u00f3 que pogu\u00e9s apar\u00e8ixer al web, sense que hi hagi l&#8217;obligaci\u00f3 de preavisar o posar en coneixement dels usuaris aquestes obligacions, sent suficients la publicaci\u00f3 en el lloc web del prestador.<\/span><\/p><p>\u00a0<\/p><p><b> CONDICIONS D&#8217;ACC\u00c9S I \u00daS DEL WEB<\/b><span style=\"font-weight: 400\">\u00a0<\/span><\/p><p><span style=\"font-weight: 400\">2.1. Car\u00e0cter gratu\u00eft de l&#8217;acc\u00e9s i \u00fas de la web.<\/span><\/p><p><span style=\"font-weight: 400\">L&#8217;\u00fas de la web t\u00e9 car\u00e0cter gratu\u00eft per a tots els usuaris. Els serveis subministrats pel prestador a trav\u00e9s de la web estan subjectes al pagament d&#8217;un preu determinat en les condicions generals de contractaci\u00f3.<\/span><\/p><p><span style=\"font-weight: 400\">\u00a0<\/span><\/p><p><span style=\"font-weight: 400\">2.2. Registre d&#8217;Usuari.<\/span><\/p><p><span style=\"font-weight: 400\">La compra de les entrades exigeix la pr\u00e8via subscripci\u00f3 o registre dels Usuaris. Aquest registre s&#8217;efectuar\u00e0 en la forma expressament indicada en la mateixa secci\u00f3 del servei.<\/span><\/p><p><span style=\"font-weight: 400\">\u00a0<\/span><\/p><p><span style=\"font-weight: 400\">2.3. Veracitat de la informaci\u00f3.<\/span><\/p><p><span style=\"font-weight: 400\">Tota la informaci\u00f3 que facilita l&#8217;Usuari ha de ser vera\u00e7. En aquests efectes, l&#8217;Usuari garanteix l&#8217;autenticitat de les dades comunicades a trav\u00e9s dels formularis per a la subscripci\u00f3 dels Serveis. Ser\u00e0 responsabilitat de l&#8217;Usuari mantenir tota la informaci\u00f3 facilitada a <\/span><b>Xavier Vilaregut Saez<\/b><span style=\"font-weight: 400\"> permanentment actualitzada de manera que respongui, a cada moment, a la seva situaci\u00f3 real. En tot cas, l&#8217;Usuari ser\u00e0 l&#8217;\u00fanic responsable de les manifestacions falses o inexactes que realitzi i dels perjudicis que causi al prestador o a tercers.<\/span><\/p><p><span style=\"font-weight: 400\">\u00a0<\/span><\/p><p><span style=\"font-weight: 400\">2.4. Menors d&#8217;edat.<\/span><\/p><p><span style=\"font-weight: 400\">Per a l&#8217;\u00fas dels serveis, els menors d&#8217;edat han d&#8217;obtenir sempre pr\u00e8viament el consentiment dels pares, tutors o representants legals, responsables \u00faltims de tots els actes realitzats pels menors a c\u00e0rrec seu. La responsabilitat en la determinaci\u00f3 de continguts concrets als quals accedeixen els menors correspon a aquells, \u00e9s per aix\u00f2 que si accedeixen a continguts no apropiats per a Internet, s&#8217;hauran d&#8217;establir mecanismes en els seus ordinadors, en particular programes inform\u00e0tics, filtres i bloquejos, que permetin limitar els continguts disponibles i, encara que no siguin infal\u00b7libles, s\u00f3n d&#8217;especial utilitat per a controlar i restringir els materials als quals poden accedir els menors.<\/span><\/p><p><span style=\"font-weight: 400\">\u00a0<\/span><\/p><p><span style=\"font-weight: 400\">2.5. Obligaci\u00f3 de fer \u00fas correcte de la web.<\/span><\/p><p><span style=\"font-weight: 400\">L&#8217;Usuari es compromet a utilitzar la web de conformitat a la Llei i al present Av\u00eds Legal, aix\u00ed com la moral i els bons costums. En efecte, l&#8217;Usuari s&#8217;abstindr\u00e0 d&#8217;utilitzar la p\u00e0gina amb finalitats il\u00b7l\u00edcites o prohibides, lesius de drets i interessos de tercers, o que de qualsevol forma puguin danyar, inutilitzar, sobrecarregar, deteriorar o impedir la normal utilitzaci\u00f3 d&#8217;equips inform\u00e0tics o documents, arxius i tota classe de continguts emmagatzemats en qualsevol equip inform\u00e0tic del prestador.<\/span><\/p><p><span style=\"font-weight: 400\">\u00a0<\/span><\/p><p><span style=\"font-weight: 400\">En particular, i a t\u00edtol indicatiu, per\u00f2 no exhaustiu, l&#8217;Usuari es compromet a no transmetre, difondre o posar a la disposici\u00f3 de tercers informacions, dades, continguts, missatges, gr\u00e0fics, dibuixos, arxius de so o imatge, fotografies, enregistraments, programari i, en general, qualsevol classe de material que:<\/span><\/p><p><span style=\"font-weight: 400\">(A) sigui contr\u00e0ria, menyspre\u00ef o atempti contra els drets fonamentals i les llibertats p\u00fabliques reconegudes constitucionalment, en tractats internacionals i altres normes vigents;<\/span><\/p><p><span style=\"font-weight: 400\">(B) indueixi, inciti o promogui actuacions delictives, denigrat\u00f2ries, difamat\u00f2ries, violentes o, en general, contr\u00e0ries a la llei, a la moral i l&#8217;ordre p\u00fablic;<\/span><\/p><p><span style=\"font-weight: 400\">(C) indueixi, inciti o promogui actuacions, actituds o pensaments discriminatoris per ra\u00f3 de sexe, ra\u00e7a, religi\u00f3, creences, edat o condici\u00f3;<\/span><\/p><p><span style=\"font-weight: 400\">(D) sigui contrari al dret a l&#8217;honor, a la intimitat personal o familiar o la mateixa imatge de les persones;<\/span><\/p><p><span style=\"font-weight: 400\">(E) de qualsevol manera, perjudiqui la credibilitat del prestador o de tercers; i<\/span><\/p><p><span style=\"font-weight: 400\">(F) constitueixi publicitat il\u00b7l\u00edcita, enganyosa o deslleial.<\/span><\/p><p><span style=\"font-weight: 400\">\u00a0<\/span><\/p><p><strong> EXCLUSI\u00d3 DE GARANTIES I RESPONSABILITAT<\/strong><span style=\"font-weight: 400\">\u00a0<\/span><\/p><p><span style=\"font-weight: 400\">El prestador s&#8217;eximeix de qualsevol mena de responsabilitat derivada de la informaci\u00f3 publicada en el nostre lloc web, sempre que aquesta informaci\u00f3 hagi estat manipulada o introdu\u00efda per un tercer ali\u00e8.<\/span><span style=\"font-weight: 400\">\u00a0<\/span><\/p><p><span style=\"font-weight: 400\">Aquesta web ha estat revisada i provada perqu\u00e8 funcioni correctament. En principi, es pot garantir el correcte funcionament els 365 dies de l&#8217;any, 24 hores al dia. No obstant aix\u00f2, el prestador no descarta la possibilitat que existeixin determinats errors de programaci\u00f3, o que succeeixin causes de for\u00e7a major, cat\u00e0strofes naturals, vagues, o circumst\u00e0ncies semblants que facin impossible l&#8217;acc\u00e9s a la p\u00e0gina web.<\/span><span style=\"font-weight: 400\">\u00a0<\/span><\/p><p><b>Xavier Vilaregut Saez<\/b><span style=\"font-weight: 400\"> no atorga cap garantia ni es fa responsable, en cap cas, dels danys i perjudicis de qualsevol naturalesa que puguin sortir a col\u00b7laci\u00f3 de la falta de disponibilitat, manteniment i efectiu funcionament de la web o dels seus serveis i continguts; de l&#8217;exist\u00e8ncia de virus, programes maliciosos o lesius en els continguts; de l&#8217;\u00fas il\u00b7l\u00edcit, negligent, fraudulent o contrari a aquest Av\u00eds legal i condicions d&#8217;\u00fas; o de la falta de licitud, qualitat, fiabilitat, utilitat i disponibilitat dels serveis prestats per tercers i llocs a la disposici\u00f3 dels usuaris en el lloc web.<\/span><\/p><p><span style=\"font-weight: 400\">El prestador no es fa responsable en cap concepte dels danys que puguin dimanar de l&#8217;\u00fas il\u00b7legal o indegut de la present p\u00e0gina web.<\/span><\/p><p><span style=\"font-weight: 400\">\u00a0<\/span><\/p><p><b> COOKIES<\/b><span style=\"font-weight: 400\">\u00a0<\/span><\/p><p><span style=\"font-weight: 400\">El present lloc web pot utilitzar cookies (petits arxius d&#8217;informaci\u00f3 que el servidor envia a l&#8217;ordinador de qui accedeix a la p\u00e0gina) per a dur a terme determinades funcions que s\u00f3n considerades imprescindibles per al correcte funcionament i visualitzaci\u00f3 del lloc. Les cookies utilitzades tenen, en tot cas, car\u00e0cter temporal, amb l&#8217;\u00fanica finalitat de fer m\u00e9s efica\u00e7 la navegaci\u00f3, i desapareixen en acabar la sessi\u00f3 de l&#8217;usuari. En cap cas s&#8217;utilitzaran les cookies per a recollir informaci\u00f3 de car\u00e0cter personal. Per a m\u00e9s informaci\u00f3, veure la nostra Pol\u00edtica de Cookies.<\/span><span style=\"font-weight: 400\">\u00a0<\/span><\/p><p><span style=\"font-weight: 400\">\u00a0<\/span><\/p><p><b> ENLLA\u00c7OS (LINKS)<\/b><\/p><p><span style=\"font-weight: 400\">Des del lloc web \u00e9s possible que es redirigeixi a continguts patrocinats, anuncis i\/o enlla\u00e7os d&#8217;afiliats i\/o de terceres webs.<\/span><span style=\"font-weight: 400\">\u00a0<\/span><\/p><p><span style=\"font-weight: 400\">Entre els enlla\u00e7os facilitats, existeix la possibilitat d&#8217;informar o fer refer\u00e8ncia a productes i\/o serveis de tercers. At\u00e8s que des de la web no podem controlar els continguts introdu\u00efts pels tercers, <\/span><b>Xavier Vilaregut Saez<\/b><span style=\"font-weight: 400\"> no assumeix cap mena de responsabilitat respecte a aquests continguts, ni garanteix l&#8217;experi\u00e8ncia, integritat o qualitat dels seus productes. En tot cas, el prestador manifesta que procedir\u00e0 a la retirada immediata de qualsevol contingut que pogu\u00e9s contravenir la legislaci\u00f3 nacional o internacional, la moral o l&#8217;ordre p\u00fablic, procedint a la retirada immediata de la redirecci\u00f3 a aquestes webs, posant en coneixement de les autoritats competents el contingut en q\u00fcesti\u00f3.<\/span><b>\u00a0<\/b><\/p><p><b>Xavier Vilaregut Saez<\/b><span style=\"font-weight: 400\"> tindr\u00e0 publicats aquests enlla\u00e7os fins que siguin eliminats o suspesos pel prestador o per l&#8217;anunciant, i no ser\u00e0 responsable encara que aquests anuncis puguin ser indexats per altres cercadors aliens a aquesta web.<\/span><span style=\"font-weight: 400\">\u00a0<\/span><\/p><p><span style=\"font-weight: 400\">El prestador no es responsabilitza de la informaci\u00f3 i continguts emmagatzemats, a t\u00edtol enunciatiu, per\u00f2 no limitatiu, en f\u00f2rums, xats, generadors de blogs, comentaris, xarxes socials o qualsevol altre mitj\u00e0 que permeti a tercers publicar continguts de manera independent en la p\u00e0gina web del prestador. No obstant aix\u00f2, i en compliment del que es disposa en l&#8217;art. 11 i 16 de la LSSICE, el prestador es posa a la disposici\u00f3 de tots els usuaris, autoritats i forces de seguretat, i col\u00b7laborant de manera activa en la retirada o, quan sigui necessari, el bloqueig de tots aquells continguts que puguin afectar o contravenir la legislaci\u00f3 nacional, o internacional, drets de tercers o la moral i l&#8217;ordre p\u00fablic. En cas que l&#8217;usuari consideri que pot existir algun contingut que pogu\u00e9s ser susceptible d&#8217;aquesta classificaci\u00f3, es prega que ho notifiqui de manera immediata a l&#8217;administrador del lloc web.<\/span><span style=\"font-weight: 400\">\u00a0<\/span><\/p><p><span style=\"font-weight: 400\">No obstant aix\u00f2, Nom de l&#8217;empresa l&#8217;informa que qualsevol relaci\u00f3 contractual o extracontractual que l&#8217;usuari formalitzi amb aquests tercers, afiliats o anunciants mitjan\u00e7ant l\u2019enlla\u00e7 proporcionat per aquesta web, ser\u00e0 v\u00e0lid exclusivament entre l&#8217;usuari i l&#8217;anunciant i\/o tercera persona i <\/span><b>Xavier Vilaregut Saez<\/b><span style=\"font-weight: 400\"> no tindr\u00e0 cap mena de responsabilitat sobre els danys o perjudicis que poguessin ser ocasionats per la prestaci\u00f3 de serveis i\/o relacions contractuals o extracontractuals realitzades entre l&#8217;usuari i els anunciants o tercers contactades a trav\u00e9s d&#8217;aquest portal, ja que el prestador nom\u00e9s actua com a intermediari o mitj\u00e0 publicitari.<\/span><\/p><p><span style=\"font-weight: 400\">\u00a0<\/span><\/p><p><b> PROTECCI\u00d3 DE DADES PERSONALS<\/b><span style=\"font-weight: 400\">\u00a0<\/span><\/p><p><span style=\"font-weight: 400\">El prestador est\u00e0 profundament comprom\u00e8s amb el compliment de la normativa de protecci\u00f3 de dades personals i garanteix el compliment \u00edntegre de les obligacions disposades, aix\u00ed com la implementaci\u00f3 de les mesures de seguretat disposades en el Reglament Europeu de Protecci\u00f3 de dades i la normativa espanyola de protecci\u00f3 de dades. Per a m\u00e9s informaci\u00f3, veure la nostra Pol\u00edtica de Privacitat.<\/span><\/p><p><span style=\"font-weight: 400\">\u00a0<\/span><\/p><p><b> PROPIETAT INTEL\u00b7LECTUAL I INDUSTRIAL<\/b><span style=\"font-weight: 400\">\u00a0<\/span><\/p><p><span style=\"font-weight: 400\">El lloc web, incloent-hi t\u00edtol enunciatiu, per\u00f2 no limitatiu: la programaci\u00f3, edici\u00f3, compilaci\u00f3 i altres elements necessaris per al seu funcionament, els dissenys, logotips, textos, fotografies i\/o gr\u00e0fics s\u00f3n propietat del prestador o, en cas que fos necessari, disposa de la llic\u00e8ncia o autoritzaci\u00f3 expressa per part dels autors. Tots els continguts del lloc web es troben degudament protegits per la normativa de propietat intel\u00b7lectual i industrial.<\/span><span style=\"font-weight: 400\">\u00a0<\/span><\/p><p><span style=\"font-weight: 400\">Independentment de la finalitat per a la qual fossin destinats, la reproducci\u00f3 total o parcial, \u00fas, distribuci\u00f3 i comunicaci\u00f3 p\u00fablica requereixen l&#8217;autoritzaci\u00f3 escrita pr\u00e8via per part del prestador. Qualsevol \u00fas no autoritzat pr\u00e8viament per part del prestador ser\u00e0 considerat un incompliment greu dels drets de propietat intel\u00b7lectual o industrial de l&#8217;autor.<\/span><span style=\"font-weight: 400\">\u00a0<\/span><\/p><p><span style=\"font-weight: 400\">Els dissenys, logotips, text i\/o gr\u00e0fics aliens al prestador i que puguin apar\u00e8ixer en el lloc web, pertanyen als seus respectius propietaris, sent ells mateixos responsables de qualsevol possible controv\u00e8rsia que pogu\u00e9s esdevenir respecte a aquests. En tot cas, el prestador compta amb l&#8217;autoritzaci\u00f3 expressa i pr\u00e8via per part d&#8217;aquests.<\/span><span style=\"font-weight: 400\">\u00a0<\/span><\/p><p><span style=\"font-weight: 400\">El prestador reconeix a favor dels seus titulars els corresponents drets de propietat industrial i intel\u00b7lectual, no implicant l&#8217;esment o aparici\u00f3 en el lloc web, de l&#8217;exist\u00e8ncia de drets o responsabilitat del prestador sobre aquests, com tampoc suport, patrocini o recomanaci\u00f3 per part d&#8217;aquest.<\/span><span style=\"font-weight: 400\">\u00a0<\/span><\/p><p><span style=\"font-weight: 400\">Per a realitzar qualsevol mena d&#8217;observaci\u00f3 respecte a possibles incompliments dels drets de propietat intel\u00b7lectual o industrial, aix\u00ed com sobre qualsevol dels continguts del lloc web, pot fer-lo a trav\u00e9s del correu electr\u00f2nic a dalt ressenyat.<\/span><\/p><p><span style=\"font-weight: 400\">\u00a0<\/span><\/p><p><b> LLEI APLICABLE I JURISDICCI\u00d3<\/b><span style=\"font-weight: 400\">\u00a0<\/span><\/p><p><span style=\"font-weight: 400\">Per a la resoluci\u00f3 de les controv\u00e8rsies o q\u00fcestions relacionades amb la present p\u00e0gina web o de les activitats que s\u2019hi desenvolupen, ser\u00e0 aplicable la legislaci\u00f3 espanyola, a la qual se sotmeten expressament les parts, sent competents per a la resoluci\u00f3 de tots els conflictes derivats o relacionats amb el seu \u00fas els Jutjats i Tribunals de Barcelona.<\/span><\/p>\t<\/div>\n<\/div>\n\t\t\t\t<\/div>\n\t\t\t\t<\/div>\n\t\t\t\t\t<\/div>\r\n\t\t\t\t<\/div>\r\n\t\t\t\t<\/div>\n\t\t","protected":false},"excerpt":{"rendered":"<p>Per complir amb l&#8217;article 10 de la Llei 34\/2002 de Serveis de la Societat de la Informaci\u00f3 i del Comer\u00e7 Electr\u00f2nic, informem els usuaris de les nostres dades: \u00a0 Denominaci\u00f3 Social: Xavier Vilaregut Saez Domicili Social: Carrer Sant Antoni 21, 1r, 1a. 08560, Manlleu\u00a0 NIF: 33942743X Tel\u00e8fon: 689063501 E-mail: info@xevivilaregut.com \u00a0 OBJECTE Xavier Vilaregut Saez [&hellip;]<\/p>\n","protected":false},"author":1,"featured_media":0,"parent":0,"menu_order":0,"comment_status":"closed","ping_status":"open","template":"","meta":{"footnotes":""},"class_list":["post-18337","page","type-page","status-publish","hentry"],"_links":{"self":[{"href":"https:\/\/xevivilaregut.predev.eu\/ca\/wp-json\/wp\/v2\/pages\/18337","targetHints":{"allow":["GET"]}}],"collection":[{"href":"https:\/\/xevivilaregut.predev.eu\/ca\/wp-json\/wp\/v2\/pages"}],"about":[{"href":"https:\/\/xevivilaregut.predev.eu\/ca\/wp-json\/wp\/v2\/types\/page"}],"author":[{"embeddable":true,"href":"https:\/\/xevivilaregut.predev.eu\/ca\/wp-json\/wp\/v2\/users\/1"}],"replies":[{"embeddable":true,"href":"https:\/\/xevivilaregut.predev.eu\/ca\/wp-json\/wp\/v2\/comments?post=18337"}],"version-history":[{"count":4,"href":"https:\/\/xevivilaregut.predev.eu\/ca\/wp-json\/wp\/v2\/pages\/18337\/revisions"}],"predecessor-version":[{"id":18349,"href":"https:\/\/xevivilaregut.predev.eu\/ca\/wp-json\/wp\/v2\/pages\/18337\/revisions\/18349"}],"wp:attachment":[{"href":"https:\/\/xevivilaregut.predev.eu\/ca\/wp-json\/wp\/v2\/media?parent=18337"}],"curies":[{"name":"wp","href":"https:\/\/api.w.org\/{rel}","templated":true}]}}