{"id":18339,"date":"2024-03-12T02:24:03","date_gmt":"2024-03-12T01:24:03","guid":{"rendered":"https:\/\/xevivilaregut.predev.eu\/?page_id=18339"},"modified":"2026-03-23T11:16:14","modified_gmt":"2026-03-23T10:16:14","slug":"politica-privacitat","status":"publish","type":"page","link":"https:\/\/xevivilaregut.predev.eu\/ca\/politica-privacitat\/","title":{"rendered":"Pol\u00edtica privacitat"},"content":{"rendered":"\t\t<div data-elementor-type=\"wp-page\" data-elementor-id=\"18339\" class=\"elementor elementor-18339 elementor-3\">\n\t\t\t\t<div class=\"elementor-element elementor-element-f9a0b7e e-flex e-con-boxed e-con e-parent \" data-id=\"f9a0b7e\" data-element_type=\"container\" data-e-type=\"container\">\t\t\t<div class=\"e-con-inner\">\r\n\t\t\t\t<div class=\"elementor-element elementor-element-4a339c5 elementor-widget elementor-widget-pxl_text_editor\" data-id=\"4a339c5\" data-element_type=\"widget\" data-e-type=\"widget\" data-widget_type=\"pxl_text_editor.default\">\n\t\t\t\t<div class=\"elementor-widget-container\">\n\t\t\t\t\t<div class=\"pxl-text-editor \" data-wow-delay=\"ms\" data-wow-duration=\"1.2s\">\n\t<div class=\"pxl-item--inner    \">\n\t\t<p><b>INTRODUCCI\u00d3<\/b><span style=\"font-weight: 400\">\u00a0<\/span><\/p><p><span style=\"font-weight: 400\">La seva privacitat \u00e9s important per a nosaltres, aix\u00ed que, mitjan\u00e7ant aquest document, li expliquem quines dades recollim dels usuaris, com els utilitzem i per a qu\u00e8, entre altres indicacions.\u00a0<\/span><span style=\"font-weight: 400\">\u00a0<\/span><\/p><p><span style=\"font-weight: 400\">Per a la seva informaci\u00f3, mai demanarem m\u00e9s informaci\u00f3 de la que realment necessitarem per als serveis requerits; mai la compartirem amb tercers, excepte per obligaci\u00f3 legal o amb la seva autoritzaci\u00f3 pr\u00e8via; i mai utilitzarem les seves dades per a una altra finalitat no indicada pr\u00e8viament.<\/span><span style=\"font-weight: 400\">\u00a0<\/span><\/p><p><span style=\"font-weight: 400\">Com a usuari, haur\u00e0 de llegir atentament aquesta Pol\u00edtica de privacitat de manera regular, i sempre que introdueixi les seves dades personals, ja que aquest document pot sofrir modificacions, ja que el prestador pot modificar qualsevol mena d&#8217;informaci\u00f3 que pogu\u00e9s apar\u00e8ixer en la web per a complir amb la normativa o actualitzar la pol\u00edtica, i sense que existeixi l&#8217;obligaci\u00f3 de preavisar o posar en coneixement dels usuaris aquestes obligacions, sent suficients la publicaci\u00f3 en el lloc web del prestador.<\/span><\/p><p><span style=\"font-weight: 400\">\u00a0<\/span><\/p><p><b>RESPONSABLE DEL TRACTAMENT:<\/b><span style=\"font-weight: 400\">\u00a0<\/span><\/p><p><span style=\"font-weight: 400\">Identitat: <\/span><b>Xavier Vilaregut Saez <\/b><span style=\"font-weight: 400\">(tamb\u00e9 el prestador)<\/span><\/p><p><span style=\"font-weight: 400\">NIF: <\/span><b>33942743X<\/b><\/p><p><span style=\"font-weight: 400\">Adre\u00e7a postal: <\/span><b>Carrer Sant Antoni 21, 1r, 1a. 08560, Manlleu.<\/b><\/p><p><span style=\"font-weight: 400\">Correu electr\u00f2nic: <\/span><b>info@xevivilaregut.com<\/b><\/p><p><span style=\"font-weight: 400\">\u00a0<\/span><\/p><p><b>Xavier Vilaregut Saez<\/b><span style=\"font-weight: 400\"> com a responsable del lloc web, de conformitat amb el que es disposa en el Reglament (UE) 2016\/679 de 27 d&#8217;abril de 2016 (RGPD) relatiu a la protecci\u00f3 de les persones f\u00edsiques pel que fa al tractament de dades personals ja la lliure circulaci\u00f3 d&#8217;aquestes dades i altra normativa vigent en mat\u00e8ria de protecci\u00f3 de dades personals, i per la Llei 34\/2002, d&#8217;11 de juliol, de Serveis de la Societat de la Informaci\u00f3 i del Comer\u00e7 Electr\u00f2nic (LSSICE), l&#8217;informa que t\u00e9 implementades les mesures de seguretat necess\u00e0ries, d&#8217;\u00edndole t\u00e8cnica i organitzatives, per a garantir i protegir la confidencialitat, integritat i disponibilitat de les dades introdu\u00efdes.<\/span><\/p><p><span style=\"font-weight: 400\">\u00a0<\/span><\/p><p><strong>M\u00c8TODE D&#8217;OBTENCI\u00d3 DE LES DADES, QUINES DADES RECAPTEM i LA SEVA FINALITAT:<\/strong><span style=\"font-weight: 400\">\u00a0<\/span><\/p><p><span style=\"font-weight: 400\">Les dades que recollim, la manera com les obtenim i la finalitat del tractament \u00e9s la seg\u00fcent:<\/span><\/p><ol start=\"2\"><li><span style=\"font-weight: 400\"> Compra (productes que vengui l&#8217;empresa):<\/span><\/li><\/ol><p><span style=\"font-weight: 400\">Dades requerides: nom i cognoms, email, tel\u00e8fon,<\/span><\/p><p><span style=\"font-weight: 400\">Finalitat: Reserva d\u00b4un curs<\/span><\/p><p><span style=\"font-weight: 400\">Legitimaci\u00f3: consentiment de l&#8217;usuari i rebut de pagament realitzat<\/span><\/p><p><span style=\"font-weight: 400\">En cas d&#8217;anul\u00b7laci\u00f3 dels cursos, es reemborsar\u00e0 l&#8217;import \u00edntegre del curs pel mateix mitj\u00e0 que es faci servir per pagar.<\/span><span style=\"font-weight: 400\">\u00a0<\/span><\/p><p><span style=\"font-weight: 400\">D&#8217;acord amb la LSSICE, <\/span><b>Xavier Vilaregut Saez<\/b><span style=\"font-weight: 400\"> no realitza pr\u00e0ctiques de SPAM, per tant, no envia correus comercials per e-mail que no hagin estat pr\u00e8viament sol\u00b7licitats o autoritzats per l&#8217;Usuari. En conseq\u00fc\u00e8ncia, en totes les comunicacions que rebr\u00e0 del prestador, l&#8217;usuari t\u00e9 la possibilitat de cancel\u00b7lar el seu consentiment expr\u00e9s per a rebre les nostres comunicacions.<\/span><\/p><p><span style=\"font-weight: 400\">No tractarem les seves dades personals per a cap altre fi de les descrites, excepte per obligaci\u00f3 legal o requeriment judicial.<\/span><\/p><p><span style=\"font-weight: 400\">No ser\u00e0 objecte de decisions basades en tractaments automatitzats que produeixin efectes sobre les seves dades.<\/span><\/p><p><span style=\"font-weight: 400\">\u00a0<\/span><\/p><p><b>TERMINI DE CONSERVACI\u00d3 DE LES DADES:<\/b><span style=\"font-weight: 400\">\u00a0<\/span><\/p><p><span style=\"font-weight: 400\">Les seves dades es conservaran mentre duri la relaci\u00f3 comercial amb nosaltres o exerceix el seu dret de cancel\u00b7laci\u00f3 o oposici\u00f3, o limitaci\u00f3 al tractament. No obstant aix\u00f2, conservarem les seves dades en els terminis legalment previstos en les disposicions aplicables.<\/span><\/p><p>\u00a0<\/p><p><b>DESTINATARIS DE CESSIONS O TRANSFER\u00c8NCIES:<\/b><span style=\"font-weight: 400\">\u00a0<\/span><\/p><p><b>Xavier Vilaregut Saez<\/b><span style=\"font-weight: 400\"> no duu a terme cap cessi\u00f3 o comunicaci\u00f3 de dades ni dins ni fora de la UE. El prestador \u00fanicament facilitar\u00e0 informaci\u00f3 a les forces i cossos de seguretat sota ordre judicial o per obligaci\u00f3 d&#8217;una norma legal, sense perjudici de poder bloquejar o cancel\u00b7lar el seu compte si pot haver-hi indicis de la comissi\u00f3 d&#8217;algun delicte per part de l&#8217;usuari. La informaci\u00f3 facilitada ser\u00e0 nom\u00e9s la que disposi en aquest moment el prestador.<\/span><span style=\"font-weight: 400\">\u00a0<\/span><\/p><p><span style=\"font-weight: 400\">La informaci\u00f3 que ens proporcioni a trav\u00e9s d&#8217;aquest lloc web ser\u00e0 allotjada <\/span><b>(hosting i propietat\/gesti\u00f3 del hosting) <\/b><span style=\"font-weight: 400\">sent encarregada del tractament i que presta aquest servei de gesti\u00f3 del programari a <\/span><b>Xavier Vilaregut Saez<\/b><span style=\"font-weight: 400\">. El tractament de les dades de l&#8217;entitat es troba regulat mitjan\u00e7ant un contracte d&#8217;encarregat del tractament entre el prestador i aquesta empresa.\u00a0<\/span><\/p><p>\u00a0<\/p><p><strong>DRETS DE LES PERSONES INTERESSADES:<\/strong><\/p><p><span style=\"font-weight: 400\">Com a usuari-interessat, pot sol\u00b7licitar l&#8217;exercici dels seg\u00fcents drets davant <\/span><b>Xavier Vilaregut Saez<\/b><span style=\"font-weight: 400\"> presentant un escrit a l&#8217;adre\u00e7a postal de l&#8217;encap\u00e7alament o enviant un correu electr\u00f2nic a <\/span><b>info@xevivilaregut.com<\/b><span style=\"font-weight: 400\">, indicant com a Assumpte: &#8220;PROTECCI\u00d3 DE DADES: DRETS DELS AFECTATS\u201d.<\/span><span style=\"font-weight: 400\">\u00a0<\/span><\/p><p><span style=\"font-weight: 400\">Drets:<\/span><\/p><ul><li style=\"font-weight: 400\"><span style=\"font-weight: 400\">Dret d&#8217;acc\u00e9s: permet a l&#8217;interessat con\u00e8ixer i obtenir informaci\u00f3 sobre les seves dades de car\u00e0cter personal sotmesos a tractament.<\/span><\/li><li style=\"font-weight: 400\"><span style=\"font-weight: 400\">Dret de rectificaci\u00f3 o supressi\u00f3: permet corregir errors i modificar les dades que resultin ser inexactes o incomplets<\/span><\/li><li style=\"font-weight: 400\"><span style=\"font-weight: 400\">Dret de cancel\u00b7laci\u00f3: permet que se suprimeixin les dades que siguin inadequats o excessius<\/span><\/li><li style=\"font-weight: 400\"><span style=\"font-weight: 400\">Dret d&#8217;oposici\u00f3: dret de l&#8217;interessat al fet que no es dugui a terme el tractament de les seves dades de car\u00e0cter personal o se cessi en aquest.\u00a0<\/span><\/li><li style=\"font-weight: 400\"><span style=\"font-weight: 400\">Limitaci\u00f3 del tractament: comporta el marcat de les dades personals conservades, amb la finalitat de limitar el seu futur tractament, per a l&#8217;exercici o la defensa de reclamacions.<\/span><\/li><li style=\"font-weight: 400\"><span style=\"font-weight: 400\">Portabilitat de les dades: facilitaci\u00f3 de les dades objecte de tractament a l&#8217;interessat, perqu\u00e8 aquest pugui transmetre a un altre responsable, sense impediments.<\/span><\/li><li style=\"font-weight: 400\"><span style=\"font-weight: 400\">Dret a no ser objecte de decisions individuals automatitzades (inclosa l&#8217;elaboraci\u00f3 de perfils): dret a no ser objecte d&#8217;una decisi\u00f3 basada en el tractament automatitzat que produeixi efectes o afecti significativament.<\/span><\/li><\/ul><p>\u00a0<\/p><p><span style=\"font-weight: 400\">Com a usuari, t\u00e9 dret a retirar el consentiment donat en qualsevol moment. La retirada del consentiment no afectar\u00e0 la licitud del tractament efectuat abans de la retirada del consentiment.<\/span><span style=\"font-weight: 400\">\u00a0<\/span><\/p><p><span style=\"font-weight: 400\">Tamb\u00e9 t\u00e9 dret a presentar una reclamaci\u00f3 davant l&#8217;autoritat de control si considera que poden haver-se vist vulnerats els seus drets en relaci\u00f3 amb la protecci\u00f3 de les seves dades (aepd.es).<\/span><\/p><p>\u00a0<\/p><p><b>INFORMACI\u00d3 ADDICIONAL<\/b><\/p><p><span style=\"font-weight: 400\">MESURES DE SEGURETAT:<\/span><\/p><p><span style=\"font-weight: 400\">Les dades que ens faciliti es tractaran de manera confidencial. El prestador ha adoptat totes les mesures t\u00e8cniques i organitzatives i tots els nivells de protecci\u00f3 necessaris per a garantir la seguretat en el tractament de les dades i evitar la seva alteraci\u00f3, p\u00e8rdua, robatori, tractament o acc\u00e9s no autoritzat, d&#8217;acord amb l&#8217;estat de la tecnologia i naturalesa de les dades emmagatzemades. Aix\u00ed mateix, es garanteix tamb\u00e9 que el tractament i registre en fitxers, programes, sistemes o equips, locals i centres compleixen amb els requisits i condicions d&#8217;integritat i seguretat establertes en la normativa vigent.<\/span><span style=\"font-weight: 400\">\u00a0<\/span><\/p><p><span style=\"font-weight: 400\">IDIOMA<\/span><\/p><p><span style=\"font-weight: 400\">L&#8217;idioma aplicable a aquesta pol\u00edtica de privacitat \u00e9s el castell\u00e0. Per tant, en cas que hi hagu\u00e9s alguna contradicci\u00f3 en alguna de les versions facilitades en altres idiomes, prevaldr\u00e0 la versi\u00f3 en castell\u00e0.<\/span><span style=\"font-weight: 400\">\u00a0<\/span><\/p><p><span style=\"font-weight: 400\">CANVIS EN LA PRESENT POL\u00cdTICA DE PRIVACITAT<\/span><\/p><p><b>Xavier Vilaregut Saez<\/b><span style=\"font-weight: 400\"> es reserva el dret a modificar la present pol\u00edtica per a adaptar-la a novetats legislatives o jurisprudencials.<\/span><\/p><p><span style=\"font-weight: 400\">REVOCABILITAT<\/span><\/p><p><span style=\"font-weight: 400\">El consentiment prestat, tant pel tractament com per a la cessi\u00f3 de les dades dels interessats, \u00e9s revocable en qualsevol moment, comunicant-lo a <\/span><b>Xavier Vilaregut Saez<\/b><span style=\"font-weight: 400\"> en els termes establerts en aquesta Pol\u00edtica per a l&#8217;exercici dels drets. Aquesta revocaci\u00f3 en cap cas tindr\u00e0 car\u00e0cter retroactiu.<\/span><span style=\"font-weight: 400\">\u00a0<\/span><\/p><p><span style=\"font-weight: 400\">LEGISLACI\u00d3<\/span><\/p><p><span style=\"font-weight: 400\">Amb car\u00e0cter general, les relacions entre <\/span><b>Xavier Vilaregut Saez<\/b><span style=\"font-weight: 400\"> amb els Usuaris dels seus serveis telem\u00e0tics, presents en aquesta web, estan sotmesos a la legislaci\u00f3 i jurisdicci\u00f3 espanyola a la qual se sotmeten expressament les parts, sent competents per a la resoluci\u00f3 de tots els conflictes derivats o relacionats amb el seu \u00fas els Jutjats i Tribunals de Barcelona.<\/span><\/p><p><span style=\"font-weight: 400\">COOKIES<\/span><\/p><p><span style=\"font-weight: 400\">Aquesta p\u00e0gina web \u00fanicament utilitza cookies que permeten el funcionament i la prestaci\u00f3 dels serveis oferts en la mateixa i si \u00e9s el cas cookies pr\u00f2pies amb l&#8217;\u00fanica finalitat de mesurar les audi\u00e8ncies d&#8217;aquesta i, per tant, considerades exemptes de consentiment. Per aix\u00f2, no es requereix, d&#8217;acord amb l&#8217;article 22 de la Llei de Serveis de la Societat de la Informaci\u00f3, el seu consentiment per a la seva instal\u00b7laci\u00f3.<\/span><\/p>\t<\/div>\n<\/div>\n\t\t\t\t<\/div>\n\t\t\t\t<\/div>\n\t\t\t\t\t<\/div>\r\n\t\t\t\t<\/div>\r\n\t\t\t\t<\/div>\n\t\t","protected":false},"excerpt":{"rendered":"<p>INTRODUCCI\u00d3\u00a0 La seva privacitat \u00e9s important per a nosaltres, aix\u00ed que, mitjan\u00e7ant aquest document, li expliquem quines dades recollim dels usuaris, com els utilitzem i per a qu\u00e8, entre altres indicacions.\u00a0\u00a0 Per a la seva informaci\u00f3, mai demanarem m\u00e9s informaci\u00f3 de la que realment necessitarem per als serveis requerits; mai la compartirem amb tercers, excepte [&hellip;]<\/p>\n","protected":false},"author":1,"featured_media":0,"parent":0,"menu_order":0,"comment_status":"closed","ping_status":"open","template":"","meta":{"footnotes":""},"class_list":["post-18339","page","type-page","status-publish","hentry"],"_links":{"self":[{"href":"https:\/\/xevivilaregut.predev.eu\/ca\/wp-json\/wp\/v2\/pages\/18339","targetHints":{"allow":["GET"]}}],"collection":[{"href":"https:\/\/xevivilaregut.predev.eu\/ca\/wp-json\/wp\/v2\/pages"}],"about":[{"href":"https:\/\/xevivilaregut.predev.eu\/ca\/wp-json\/wp\/v2\/types\/page"}],"author":[{"embeddable":true,"href":"https:\/\/xevivilaregut.predev.eu\/ca\/wp-json\/wp\/v2\/users\/1"}],"replies":[{"embeddable":true,"href":"https:\/\/xevivilaregut.predev.eu\/ca\/wp-json\/wp\/v2\/comments?post=18339"}],"version-history":[{"count":4,"href":"https:\/\/xevivilaregut.predev.eu\/ca\/wp-json\/wp\/v2\/pages\/18339\/revisions"}],"predecessor-version":[{"id":18352,"href":"https:\/\/xevivilaregut.predev.eu\/ca\/wp-json\/wp\/v2\/pages\/18339\/revisions\/18352"}],"wp:attachment":[{"href":"https:\/\/xevivilaregut.predev.eu\/ca\/wp-json\/wp\/v2\/media?parent=18339"}],"curies":[{"name":"wp","href":"https:\/\/api.w.org\/{rel}","templated":true}]}}