{"id":18341,"date":"2026-02-23T13:11:13","date_gmt":"2026-02-23T12:11:13","guid":{"rendered":"https:\/\/xevivilaregut.predev.eu\/?page_id=18341"},"modified":"2026-03-23T11:31:52","modified_gmt":"2026-03-23T10:31:52","slug":"politica-cookies","status":"publish","type":"page","link":"https:\/\/xevivilaregut.predev.eu\/ca\/politica-cookies\/","title":{"rendered":"Pol\u00edtica cookies"},"content":{"rendered":"\t\t<div data-elementor-type=\"wp-page\" data-elementor-id=\"18341\" class=\"elementor elementor-18341 elementor-17977\">\n\t\t\t\t<div class=\"elementor-element elementor-element-f9a0b7e e-flex e-con-boxed e-con e-parent \" data-id=\"f9a0b7e\" data-element_type=\"container\" data-e-type=\"container\">\t\t\t<div class=\"e-con-inner\">\r\n\t\t\t\t<div class=\"elementor-element elementor-element-4a339c5 elementor-widget elementor-widget-pxl_text_editor\" data-id=\"4a339c5\" data-element_type=\"widget\" data-e-type=\"widget\" data-widget_type=\"pxl_text_editor.default\">\n\t\t\t\t<div class=\"elementor-widget-container\">\n\t\t\t\t\t<div class=\"pxl-text-editor \" data-wow-delay=\"ms\" data-wow-duration=\"1.2s\">\n\t<div class=\"pxl-item--inner    \">\n\t\t<p><b>INTRODUCCI\u00d3<\/b><\/p><p><span style=\"font-weight: 400\">La web de <\/span><b>Xavier Vilaregut Saez <\/b><span style=\"font-weight: 400\">utilitza cookies pr\u00f2pies i de tercers. Una cookie \u00e9s un arxiu que es descarrega en el seu ordinador en accedir a determinades p\u00e0gines web. Les cookies permeten a una p\u00e0gina web, entre altres finalitats, assegurar el correcte funcionament de la p\u00e0gina, permetre a l&#8217;Usuari un acc\u00e9s m\u00e9s r\u00e0pid als serveis seleccionats, emmagatzemar i recuperar informaci\u00f3 sobre els h\u00e0bits de navegaci\u00f3 d&#8217;un usuari o del seu equip i fins i tot, depenent de la informaci\u00f3 que continguin i de la forma en qu\u00e8 utilitzi el seu equip, es poden utilitzar per a recon\u00e8ixer a l&#8217;usuari. Les cookies s&#8217;associen \u00fanicament a un usuari an\u00f2nim i el seu ordinador o dispositiu i no proporcionen refer\u00e8ncies que permetin con\u00e8ixer les seves dades personals., excepte perm\u00eds expr\u00e9s d&#8217;aquell<\/span><\/p><p><span style=\"font-weight: 400\">L&#8217;usuari pot, en tot moment, acceptar o rebutjar les cookies instal\u00b7lades que no siguin estrictament necess\u00e0ries per al correcte funcionament de la web i l&#8217;acc\u00e9s a l&#8217;Usuari als seus serveis, a trav\u00e9s del panell d&#8217;ajust de cookies proporcionat en la nostra web. Aix\u00ed mateix, podr\u00e0 configurar el seu navegador en tot moment sense que aix\u00f2 perjudiqui la possibilitat de l&#8217;Usuari d&#8217;accedir als continguts. No obstant aix\u00f2, l&#8217;informem que el rebuig de les cookies pot disminuir el bon funcionament de la web.<\/span><\/p><p><span style=\"font-weight: 400\">\u00a0<\/span><\/p><p><strong>COOKIES AFECTADES PER LA NORMATIVA I COOKIES EXEMPTES<\/strong><span style=\"font-weight: 400\">\u00a0<\/span><\/p><p><span style=\"font-weight: 400\">Segons la directiva de la UE, les cookies que requereixen el consentiment informat per part de l&#8217;usuari s\u00f3n les cookies d&#8217;anal\u00edtica, les de publicitat i afiliaci\u00f3, quedant exceptuades les de car\u00e0cter t\u00e8cnic i les necess\u00e0ries per al funcionament del lloc web o la prestaci\u00f3 de serveis expressament demandats per l&#8217;usuari.<\/span><\/p><p>\u00a0<\/p><p><strong>TIPUS DE COOKIES<\/strong><\/p><ol><li><span style=\"font-weight: 400\">a) Segons l&#8217;entitat que les gestioni, hi ha Cookies pr\u00f2pies (aquelles que s&#8217;envien a l&#8217;equip terminal de l&#8217;usuari des d&#8217;un equip o domini gestionat pel mateix editor i des del qual es presta el servei Sol\u00b7licitat per l&#8217;usuari) i de tercers (les que s&#8217;envien a l&#8217;equip terminal de l&#8217;usuari des d&#8217;un equip o domini que no \u00e9s gestionat per l&#8217;editor, sin\u00f3 per una altra entitat que tracta les dades obtingudes mitjan\u00e7ant les cookies).<\/span><\/li><li><span style=\"font-weight: 400\">b) Segons el temps que romanen actives, hi ha les de sessi\u00f3 (dissenyades per a demanar i emmagatzemar dades mentre l&#8217;usuari accedeix a una p\u00e0gina web) i les persistents (en qu\u00e8 les dades s&#8217;emmagatzemen en el terminal i poden ser accedits i tractats durant un per\u00edode definit pel responsable de la cookie -pot anar d&#8217;uns minuts a diversos anys-).<\/span><\/li><li><span style=\"font-weight: 400\">c) Segons la finalitat per a la qual tracten la informaci\u00f3 que recopilen, poden ser:<\/span><\/li><\/ol><ul><li style=\"font-weight: 400\"><span style=\"font-weight: 400\">Cookies t\u00e8cniques (necess\u00e0ries per a l&#8217;\u00fas de la web i la prestaci\u00f3 del servei contractat),<\/span><\/li><li style=\"font-weight: 400\"><span style=\"font-weight: 400\">Cookies de personalitzaci\u00f3 (que permeten a l&#8217;usuari accedir al servei amb caracter\u00edstiques predefinides, com ara l&#8217;idioma, tipus de navegador, configuraci\u00f3 regional, etc.)<\/span><\/li><li style=\"font-weight: 400\"><span style=\"font-weight: 400\">Cookies d&#8217;an\u00e0lisis (recullen informaci\u00f3 de l&#8217;\u00fas que es realitza de la web),<\/span><\/li><li style=\"font-weight: 400\"><span style=\"font-weight: 400\">Cookies publicit\u00e0ries (recullen informaci\u00f3 sobre les prefer\u00e8ncies i eleccions personals dels usuaris),<\/span><\/li><li style=\"font-weight: 400\"><span style=\"font-weight: 400\">Cookies d&#8217;afiliats (permeten fer un seguiment de les visites procedents d&#8217;altres webs, amb les quals el lloc web estableix un contracte d&#8217;afiliaci\u00f3).<\/span><\/li><\/ul><p><span style=\"font-weight: 400\">\u00a0<\/span><\/p><p><span style=\"font-weight: 400\"><strong>COOKIES EXEMPTES:<\/strong>\u00a0<\/span><\/p><p><span style=\"font-weight: 400\">Les que permeten \u00fanicament la comunicaci\u00f3 entre l&#8217;equip de l&#8217;usuari i la xarxa.\u00a0<\/span><\/p><p><span style=\"font-weight: 400\">Les estrictament necess\u00e0ries per a prestar un servei expressament sol\u00b7licitat per l&#8217;usuari.<\/span><\/p><p><span style=\"font-weight: 400\">Aix\u00ed mateix, el GT29, en el seu Dictamen 4\/201210, ha interpretat que entre les cookies exceptuades estarien aquelles que tenen per finalitat:<\/span><\/p><ul><li style=\"font-weight: 400\"><span style=\"font-weight: 400\">Cookies de\u2019\u201centrada de l&#8217;usuari\u201d (Les cookies de sessi\u00f3 i d&#8217;entrada d&#8217;usuari se solen utilitzar per a rastrejar les accions de l&#8217;usuari en emplenar els formularis en l\u00ednia en diverses p\u00e0gines, o com a cistella de la compra per a fer el seguiment dels articles que l&#8217;usuari ha seleccionat en pr\u00e9mer un bot\u00f3)<\/span><\/li><li style=\"font-weight: 400\"><span style=\"font-weight: 400\">Cookies d&#8217;autenticaci\u00f3 o identificaci\u00f3 d&#8217;usuari (\u00fanicament de sessi\u00f3).<\/span><\/li><li style=\"font-weight: 400\"><span style=\"font-weight: 400\">Cookies de seguretat de l&#8217;usuari (Per exemple, les cookies utilitzades per a detectar intents erronis i reiterats de connexi\u00f3 a un lloc web)<\/span><\/li><li style=\"font-weight: 400\"><span style=\"font-weight: 400\">Cookies de sessi\u00f3 de reproductor multim\u00e8dia.<\/span><\/li><li style=\"font-weight: 400\"><span style=\"font-weight: 400\">Cookies de sessi\u00f3 per a equilibrar la c\u00e0rrega.<\/span><\/li><li style=\"font-weight: 400\"><span style=\"font-weight: 400\">Cookies de personalitzaci\u00f3 de la interf\u00edcie d&#8217;usuari.<\/span><\/li><li style=\"font-weight: 400\"><span style=\"font-weight: 400\">Determinades cookies de complement (connector) per a intercanviar continguts Socials (L&#8217;excepci\u00f3 nom\u00e9s s&#8217;aplica per a usuaris que han decidit mantenir la sessi\u00f3 oberta)<\/span><\/li><\/ul><p><span style=\"font-weight: 400\">\u00a0<\/span><\/p><p><strong>TIPUS DE COOKIES UTILITZADES PER A AQUEST LLOC WEB<\/strong><\/p><table><tbody><tr><td><span style=\"font-weight: 400\">NOM<\/span><\/td><td><span style=\"font-weight: 400\">FINALITAT<\/span><\/td><td><span style=\"font-weight: 400\">CADUCITAT<\/span><\/td><td><span style=\"font-weight: 400\">TIPUS DE COOKIES<\/span><\/td><\/tr><tr><td>woosw_key<\/td><td>OPHLRX<\/td><td>F\u00ed Sessi\u00f3<\/td><td>Sessi\u00f3<\/td><\/tr><tr><td>wp-wpml_current_language<\/td><td>es<\/td><td>F\u00ed Sessi\u00f3<\/td><td>Sessi\u00f3<\/td><\/tr><\/tbody><\/table><p><b>REVOCACI\u00d3<\/b><\/p><p><span style=\"font-weight: 400\">En tot moment, l\u2019usuari podr\u00e0 accedir a la configuraci\u00f3 del seu navegador acceptant o rebutjant totes les cookies, o b\u00e9 seleccionar aquelles que la instal\u00b7laci\u00f3 admet i les que no, seguint un dels seg\u00fcents procediments, que dep\u00e8n del navegador que utilitzi:<\/span><\/p><p><span style=\"font-weight: 400\">Google Chrome (al Men\u00fa Eines):<\/span><\/p><p><span style=\"font-weight: 400\">Configuraci\u00f3&gt; Mostrar opcions avan\u00e7ades&gt; Privacitat (Configuraci\u00f3 de contingut)&gt; Cookies:<\/span><\/p><p><span style=\"color: #000000\"><a style=\"color: #000000\" href=\"https:\/\/support.google.com\/chrome\/answer\/95647?co=genie.platform%3DDesktop&amp;hl=%C3%A9s\"><span style=\"font-weight: 400\">https:\/\/support.google.com\/chrome\/answer\/95647?co=genie.platform%3DDesktop&amp;hl=\u00e9s<\/span><\/a><span style=\"font-weight: 400\">\u00a0<\/span><\/span><\/p><p><span style=\"font-weight: 400\">Microsoft Internet Explorer (en el Men\u00fa Eines):<\/span><\/p><p><span style=\"font-weight: 400\">Opcions d&#8217;Internet&gt; Privacitat&gt; Avan\u00e7ada:<\/span><\/p><p><span style=\"color: #000000\"><a style=\"color: #000000\" href=\"https:\/\/support.microsoft.com\/es-es\/help\/17442\/windows-internet-explorer-delete-manage-cookies\"><span style=\"font-weight: 400\">https:\/\/support.microsoft.com\/es-es\/help\/17442\/windows-internet-explorer-delete-manage-cookies<\/span><\/a><span style=\"font-weight: 400\">\u00a0<\/span><\/span><\/p><p><span style=\"font-weight: 400\">Firefox:<\/span><\/p><p><span style=\"font-weight: 400\">Opcions&gt; Privacitat&gt; Cookies:<\/span><\/p><p><span style=\"color: #000000\"><a style=\"color: #000000\" href=\"https:\/\/support.mozilla.org\/es\/kb\/habilitar-y-deshabilitar-cookies-sitios-web-rastrear-preferencias\"><span style=\"font-weight: 400\">https:\/\/support.mozilla.org\/es\/kb\/habilitar-y-deshabilitar-cookies-sitios-web-rastrear-preferencias<\/span><\/a><span style=\"font-weight: 400\">\u00a0<\/span><\/span><\/p><p><span style=\"font-weight: 400\">Safari, iPad i iPhone:<\/span><\/p><p><span style=\"font-weight: 400\">Prefer\u00e8ncies&gt; Privacitat<\/span><\/p><p><span style=\"color: #000000\"><a style=\"color: #000000\" href=\"https:\/\/support.apple.com\/kb\/ph21411?locale=es_es\"><span style=\"font-weight: 400\">https:\/\/support.apple.com\/<\/span><\/a><span style=\"font-weight: 400\">\u00a0<\/span><\/span><\/p><p><span style=\"font-weight: 400\">Opera:<\/span><\/p><p><span style=\"font-weight: 400\">Configuraci\u00f3&gt; Opcions&gt; Avan\u00e7ada&gt; Cookies<\/span><\/p><p><span style=\"color: #000000\"><a style=\"color: #000000\" href=\"http:\/\/help.opera.com\/windows\/12.00\/es-es\/cookies.html\"><span style=\"font-weight: 400\">http:\/\/help.opera.com\/windows\/12.00\/es-es\/cookies.html<\/span><\/a><span style=\"font-weight: 400\">\u00a0<\/span><\/span><\/p><p><span style=\"font-weight: 400\">Aquests navegadors estan sotmesos a canvis o modificacions, per la qual cosa no podem garantir que s&#8217;ajustin completament a la versi\u00f3 del seu navegador. Tamb\u00e9 pot ser que utilitzi un altre navegador no contemplat en aquests enlla\u00e7os com Konqueror, Arora, Flock, etc. Per a evitar aquests desajustaments, pot accedir directament des de les opcions del seu navegador, generalment en el men\u00fa d'&#8221;Opcions&#8221; en la secci\u00f3 de &#8220;Privacitat&#8221;. (Si us plau, consulti l&#8217;ajuda del seu navegador per a m\u00e9s informaci\u00f3).<\/span><\/p><p>\u00a0<\/p><p><b>CANVIS EN LA PRESENT POL\u00cdTICA DE COOKIES<\/b><\/p><p><b>Xavier Vilaregut Saez <\/b><span style=\"font-weight: 400\">es reserva el dret a modificar la present pol\u00edtica per a adaptar-la a novetats legislatives o jurisprudencials.<\/span><\/p><p><span style=\"font-weight: 400\">\u00a0<\/span><\/p><p><b>DESACTIVACI\u00d3 \/ ACTIVACI\u00d3 I ELIMINACI\u00d3 DE COOKIES<\/b><\/p><p><span style=\"font-weight: 400\">Per a restringir o bloquejar les cookies, es fa a trav\u00e9s de la configuraci\u00f3 del navegador.<\/span><\/p><p><span style=\"font-weight: 400\">Si no desitja que els llocs web posin cap cookie en el seu equip, pot adaptar la configuraci\u00f3 del navegador de manera que se li notifiqui abans que es col\u00b7loqui cap cookie. De la mateixa manera, pot adaptar la configuraci\u00f3 de manera que el navegador rebutgi totes les cookies, o \u00fanicament les cookies de tercers. Tamb\u00e9 pot eliminar qualsevol de les cookies que ja es trobin en l&#8217;equip. Recordi que haur\u00e0 d&#8217;adaptar-se per separat la configuraci\u00f3 de cada navegador i equip que utilitzi.<\/span><\/p><p><span style=\"font-weight: 400\">Recordi que si no desitja rebre cookies, ja no podrem garantir que el nostre lloc web funcioni com cal. Potser algunes funcions del lloc es perden i \u00e9s possible que ja no pugui veure uns certs llocs web. A m\u00e9s a m\u00e9s, rebutjar les cookies no significa que ja no vagi a veure anuncis publicitaris. Simplement, els anuncis no s&#8217;ajustaran als seus interessos i es repetiran amb m\u00e9s freq\u00fc\u00e8ncia.<\/span><\/p><p><span style=\"font-weight: 400\">Cada navegador t\u00e9 un m\u00e8tode diferent per a adaptar la configuraci\u00f3. Si \u00e9s necessari, consulti la funci\u00f3 d&#8217;ajuda del navegador per a establir la configuraci\u00f3 correcta.<\/span><\/p><p><span style=\"font-weight: 400\">Per a desactivar les cookies en el tel\u00e8fon m\u00f2bil, consulti el manual del dispositiu per a obtenir m\u00e9s informaci\u00f3.<\/span><\/p><p><span style=\"font-weight: 400\">Pot obtenir m\u00e9s informaci\u00f3 sobre les cookies en Internet, <\/span><span style=\"color: #000000\"><a style=\"color: #000000\" href=\"http:\/\/www.aboutcookies.org\/\"><span style=\"font-weight: 400\">http:\/\/www.aboutcookies.org\/<\/span><\/a><span style=\"font-weight: 400\">.<\/span><\/span><\/p><p><span style=\"font-weight: 400\">Tenint en compte la manera com funcionen Internet i els llocs web, no sempre comptem amb informaci\u00f3 de les cookies que col\u00b7loquen terceres parts a trav\u00e9s del nostre lloc web. Aix\u00f2 s&#8217;aplica especialment a casos en qu\u00e8 la p\u00e0gina web cont\u00e9 el que es denominen elements integrats: textos, documents, imatges o breus pel\u00b7l\u00edcules que s&#8217;emmagatzemen en una altra part, per\u00f2 es mostren en el nostre lloc web o mitjan\u00e7ant aquest.<\/span><\/p><p><span style=\"font-weight: 400\">Per tant, en cas que es trobi amb aquesta mena de cookies en aquest lloc web i no estiguin enumerades en la llista anterior, li preguem que ens el comuniqui. O b\u00e9 posi&#8217;s en contacte directament amb el tercer per a demanar-li informaci\u00f3 sobre les cookies que instal\u00b7la, la finalitat i la durada de la cookie, i com ha garantit la seva privacitat.<\/span><\/p><p>\u00a0<\/p><p><b>INFORMACI\u00d3 RELACIONADA AMB EL TRACTAMENT DE DADES PERSONALS (ART.13 RGPD)<\/b><\/p><p><b>Qui \u00e9s el responsable del tractament de les seves dades personals?<\/b><\/p><p><b>Xavier Vilaregut Saez<\/b><span style=\"font-weight: 400\"> \u00e9s el responsable del tractament de les dades personals que vost\u00e8 ens proporciona, situat en <\/span><b>Carrer Sant Antoni 21, 1r, 1a. 08560, Manlleu,<\/b><span style=\"font-weight: 400\"> i amb <\/span><b>CIF\/NIF<\/b> <b>33942743X<\/b><span style=\"font-weight: 400\">, Tel\u00e8fon <\/span><b>689063501<\/b><span style=\"font-weight: 400\"> i email de contacte <\/span><b>info@xevivilaregut.com<\/b><span style=\"font-weight: 400\">\u00a0<\/span><\/p><p><span style=\"font-weight: 400\">\u00a0<\/span><\/p><p><b>Per a qu\u00e8 utilitzem les seves dades personals?<\/b><\/p><p><span style=\"font-weight: 400\">La informaci\u00f3 recopilada a trav\u00e9s de les cookies pr\u00f2pies (cookies de sessi\u00f3 i d&#8217;entrada d&#8217;usuari) se solen utilitzar per a rastrejar les accions de l&#8217;usuari en emplenar els formularis en l\u00ednia en diverses p\u00e0gines, o com a cistella de la compra per a fer el seguiment dels articles que l&#8217;usuari ha seleccionat en pr\u00e9mer un bot\u00f3, o per a personalitzar la interf\u00edcie de l&#8217;usuari en visitar la p\u00e0gina web.<\/span><\/p><p><span style=\"font-weight: 400\">La informaci\u00f3 recopilada a trav\u00e9s de les cookies de tercers \u00e9s la seg\u00fcent:\u00a0<\/span><\/p><ul><li style=\"font-weight: 400\"><span style=\"font-weight: 400\">A trav\u00e9s de les cookies anal\u00edtiques s&#8217;analitzen els seus h\u00e0bits de navegaci\u00f3 per a millorar els serveis prestats;\u00a0<\/span><\/li><li style=\"font-weight: 400\"><span style=\"font-weight: 400\">A trav\u00e9s de les cookies comportamentals es recull informaci\u00f3 sobre les prefer\u00e8ncies de l&#8217;usuari per a gestionar els espais publicitaris de la forma m\u00e9s efica\u00e7 possible; i\u00a0<\/span><\/li><li style=\"font-weight: 400\"><span style=\"font-weight: 400\">A trav\u00e9s de les cookies publicit\u00e0ries es mesura el rendiment dels anuncis i es proporcionen recomanacions relatives a productes basades en dades estad\u00edstiques.<\/span><\/li><\/ul><p><span style=\"font-weight: 400\">Per a veure exactament l&#8217;\u00fas de les cookies vegeu el quadre sobre l&#8217;\u00fas de les cookies en aquesta web.<\/span><\/p><p><b>Quina \u00e9s la base legal per al tractament de les seves dades personals?<\/b><\/p><p><span style=\"font-weight: 400\">La legitimaci\u00f3 per al tractament de les seves dades personals \u00e9s definida pel seu consentiment, atorgat en el moment de posar-se en contacte amb nosaltres, per a la utilitzaci\u00f3 de cookies anal\u00edtiques, comportamentals i publicit\u00e0ries; per a les cookies de sessi\u00f3 o personalitzaci\u00f3, la legitimaci\u00f3 per al tractament \u00e9s definida per l&#8217;inter\u00e8s leg\u00edtim del prestador (responsable del tractament).<\/span><\/p><p><b>A qui comuniquem les seves dades?<\/b><\/p><p><span style=\"font-weight: 400\">No se cediran ni comunicaran dades a tercers, excepte per obligaci\u00f3 legal o als tercers indicats en el cas d&#8217;\u00fas de cookies gestionades per aquests.\u00a0<\/span><\/p><p><b>Quin \u00e9s el termini de conservaci\u00f3 de les seves dades?<\/b><\/p><p><span style=\"font-weight: 400\">El termini de conservaci\u00f3 de les dades recollides est\u00e0 l&#8217;indicat en el quadre sobre l&#8217;\u00fas de les cookies en aquesta web.<\/span><\/p><p><b>Quins s\u00f3n els seus drets?<\/b><\/p><p><span style=\"font-weight: 400\">Els drets que emparen a l&#8217;usuari s\u00f3n els d&#8217;acc\u00e9s, rectificaci\u00f3, supressi\u00f3, portabilitat d&#8217;aquests, retirada del consentiment (sense que aix\u00f2 afecti la licitud del tractament atorgat pr\u00e8viament a la seva retirada), oposici\u00f3 al tractament, limitaci\u00f3 (en determinades circumst\u00e0ncies) i a presentar una reclamaci\u00f3 davant l&#8217;autoritat de control (l&#8217;Ag\u00e8ncia Espanyola de protecci\u00f3 de dades, <\/span><span style=\"color: #000000\"><a style=\"color: #000000\" href=\"http:\/\/www.aepd.es\"><span style=\"font-weight: 400\">www.aepd.es<\/span><\/a><\/span><span style=\"font-weight: 400\"><span style=\"color: #808080\">)<\/span>.<\/span><\/p>\t<\/div>\n<\/div>\n\t\t\t\t<\/div>\n\t\t\t\t<\/div>\n\t\t\t\t\t<\/div>\r\n\t\t\t\t<\/div>\r\n\t\t\t\t<\/div>\n\t\t","protected":false},"excerpt":{"rendered":"<p>INTRODUCCI\u00d3 La web de Xavier Vilaregut Saez utilitza cookies pr\u00f2pies i de tercers. Una cookie \u00e9s un arxiu que es descarrega en el seu ordinador en accedir a determinades p\u00e0gines web. Les cookies permeten a una p\u00e0gina web, entre altres finalitats, assegurar el correcte funcionament de la p\u00e0gina, permetre a l&#8217;Usuari un acc\u00e9s m\u00e9s r\u00e0pid [&hellip;]<\/p>\n","protected":false},"author":1,"featured_media":0,"parent":0,"menu_order":0,"comment_status":"closed","ping_status":"open","template":"","meta":{"footnotes":""},"class_list":["post-18341","page","type-page","status-publish","hentry"],"_links":{"self":[{"href":"https:\/\/xevivilaregut.predev.eu\/ca\/wp-json\/wp\/v2\/pages\/18341","targetHints":{"allow":["GET"]}}],"collection":[{"href":"https:\/\/xevivilaregut.predev.eu\/ca\/wp-json\/wp\/v2\/pages"}],"about":[{"href":"https:\/\/xevivilaregut.predev.eu\/ca\/wp-json\/wp\/v2\/types\/page"}],"author":[{"embeddable":true,"href":"https:\/\/xevivilaregut.predev.eu\/ca\/wp-json\/wp\/v2\/users\/1"}],"replies":[{"embeddable":true,"href":"https:\/\/xevivilaregut.predev.eu\/ca\/wp-json\/wp\/v2\/comments?post=18341"}],"version-history":[{"count":13,"href":"https:\/\/xevivilaregut.predev.eu\/ca\/wp-json\/wp\/v2\/pages\/18341\/revisions"}],"predecessor-version":[{"id":18365,"href":"https:\/\/xevivilaregut.predev.eu\/ca\/wp-json\/wp\/v2\/pages\/18341\/revisions\/18365"}],"wp:attachment":[{"href":"https:\/\/xevivilaregut.predev.eu\/ca\/wp-json\/wp\/v2\/media?parent=18341"}],"curies":[{"name":"wp","href":"https:\/\/api.w.org\/{rel}","templated":true}]}}