{"id":18343,"date":"2026-02-23T13:15:37","date_gmt":"2026-02-23T12:15:37","guid":{"rendered":"https:\/\/xevivilaregut.predev.eu\/?page_id=18343"},"modified":"2026-03-23T11:34:41","modified_gmt":"2026-03-23T10:34:41","slug":"declaracio-daccessibilitat","status":"publish","type":"page","link":"https:\/\/xevivilaregut.predev.eu\/ca\/declaracio-daccessibilitat\/","title":{"rendered":"Declaraci\u00f3 d&#8217;accessibilitat"},"content":{"rendered":"\t\t<div data-elementor-type=\"wp-page\" data-elementor-id=\"18343\" class=\"elementor elementor-18343 elementor-17982\">\n\t\t\t\t<div class=\"elementor-element elementor-element-f9a0b7e e-flex e-con-boxed e-con e-parent \" data-id=\"f9a0b7e\" data-element_type=\"container\" data-e-type=\"container\">\t\t\t<div class=\"e-con-inner\">\r\n\t\t\t\t<div class=\"elementor-element elementor-element-4a339c5 elementor-widget elementor-widget-pxl_text_editor\" data-id=\"4a339c5\" data-element_type=\"widget\" data-e-type=\"widget\" data-widget_type=\"pxl_text_editor.default\">\n\t\t\t\t<div class=\"elementor-widget-container\">\n\t\t\t\t\t<div class=\"pxl-text-editor \" data-wow-delay=\"ms\" data-wow-duration=\"1.2s\">\n\t<div class=\"pxl-item--inner    \">\n\t\t<p><b>Serveis d\u2019Internet Javajan SL<\/b><span style=\"font-weight: 400\">,\u00a0 s\u2019ha comprom\u00e8s a fer accessibles els seus llocs web, de conformitat amb el\u00a0 <\/span><span style=\"color: #000000\"><a style=\"color: #000000\" href=\"https:\/\/www.boe.es\/buscar\/act.php?id=BOE-A-2018-12699\"><b>Real Decreto 1112\/2018<\/b><\/a><\/span><span style=\"font-weight: 400\"><span style=\"color: #000000\">,<\/span> del 7 de setembre, sobre accessibilitat dels llocs web i aplicacions per a dispositius m\u00f2bils, per la qual es trasposa a l&#8217;ordenament jur\u00eddic espanyol la <\/span><span style=\"color: #000000\"><a style=\"color: #000000\" href=\"http:\/\/eur-lex.europa.eu\/legal-content\/ES\/TXT\/?uri=uriserv:OJ.L_.2016.327.01.0001.01.SPA&amp;toc=OJ:L:2016:327:FULL\"><span style=\"font-weight: 400\">Directiva (UE) 2016\/2102 del Parlamento Europeo y del Consejo<\/span><\/a><span style=\"font-weight: 400\">.<\/span><\/span><\/p><p><span style=\"font-weight: 400\">La present declaraci\u00f3 d\u2019accessibilitat s\u2019aplica al web <\/span><span style=\"font-weight: 400\">https:\/\/www.xevivilaregut.com\/<\/span><\/p><p>\u00a0<\/p><p><strong>Situaci\u00f3 de compliment<\/strong><\/p><p><span style=\"font-weight: 400\">Aquest lloc web \u00e9s parcialment <\/span><b>\u00a0conforme<\/b><span style=\"font-weight: 400\"> amb el <\/span><a href=\"https:\/\/www.boe.es\/diario_boe\/txt.php?id=BOE-A-2018-12699\"><b><span style=\"color: #000000\">RD 1112\/2018<\/span><\/b><\/a><span style=\"font-weight: 400\"> a causa de les excepcions i de la manca de conformitat dels aspectes que s&#8217;indiquen a continuaci\u00f3.<\/span><\/p><p>\u00a0<\/p><p><strong>Contingut no accessible<\/strong><\/p><p><span style=\"font-weight: 400\">El contingut que es recull a continuaci\u00f3 no \u00e9s accessible pel seg\u00fcent:<\/span><\/p><ol><li style=\"font-weight: 400\"><b>Falta de conformitat amb el\u00a0 RD 1112\/2018<\/b><ul><li style=\"font-weight: 400\"><span style=\"font-weight: 400\">A causa de l&#8217;automatitzaci\u00f3 d&#8217;algunes de les publicacions podrien existir p\u00e0gines amb un incorrecte nidament d&#8217;etiquetes HTML.<\/span><\/li><li style=\"font-weight: 400\"><span style=\"font-weight: 400\">Hi ha documents en format PDF que no compleixen amb la normativa.<\/span><\/li><li style=\"font-weight: 400\"><span style=\"font-weight: 400\">Podrien haver-hi errors puntuals d&#8217;edici\u00f3 en alguna p\u00e0gina web.<\/span><\/li><\/ul><\/li><li style=\"font-weight: 400\"><b>Carga desproporcionada<\/b><ul><li style=\"font-weight: 400\"><span style=\"font-weight: 400\">No aplica.<\/span><\/li><\/ul><\/li><li style=\"font-weight: 400\"><b>Contingut que no entra dins de l&#8217;\u00e0mbit de la legislaci\u00f3 aplicable<\/b><ul><li style=\"font-weight: 400\"><span style=\"font-weight: 400\">Fitxers ofim\u00e0tics en PDF o altres formats, aix\u00ed com aplicacions publicades abans del 20 de setembre de 2018 que no compleixin totalment tots els requisits d&#8217;accessibilitat.<\/span><\/li><li style=\"font-weight: 400\"><span style=\"font-weight: 400\">Continguts multim\u00e8dia en directe.<\/span><\/li><li style=\"font-weight: 400\"><span style=\"font-weight: 400\">Contingut multim\u00e8dia pregravat publicat abans de l&#8217;entrada en vigor del Reial Decret.<\/span><\/li><li style=\"font-weight: 400\"><span style=\"font-weight: 400\">Serveis de mapa en l\u00ednia.<\/span><\/li><\/ul><\/li><\/ol><p>\u00a0<\/p><p><strong>Preparaci\u00f3 d&#8217;aquesta declaraci\u00f3 d&#8217;accessibilitat<\/strong><\/p><p><span style=\"font-weight: 400\">Aquesta declaraci\u00f3 va ser preparada el 24 de maig de 2023 i est\u00e0 basada en els informes d&#8217;accessibilitat web del <\/span><span style=\"color: #000000\"><a style=\"color: #000000\" href=\"https:\/\/administracionelectronica.gob.es\/pae_Home\/pae_Estrategias\/pae_Accesibilidad.html\"><b>Observatorio de Accesibilidad<\/b><\/a><span style=\"font-weight: 400\">.<\/span><\/span><\/p><p><span style=\"font-weight: 400\">La data de la darrera revisi\u00f3 ha estat el 23 de febrer de 2023.<\/span><\/p><p>\u00a0<\/p><p><strong>Observacions i dades de contacte<\/strong><\/p><p><span style=\"font-weight: 400\">Podeu realitzar <\/span><b>comunicacions <\/b><span style=\"font-weight: 400\">sobre requisits d&#8217;accessibilitat (article 10.2 del RD 1112\/2018) com ara:<\/span><\/p><ul><li style=\"font-weight: 400\"><span style=\"font-weight: 400\">informar sobre qualsevol possible incompliment per part d&#8217;aquest lloc web<\/span><\/li><li style=\"font-weight: 400\"><span style=\"font-weight: 400\">transmitir altres <\/span><b>dificultats d\u2019acc\u00e9s<\/b><span style=\"font-weight: 400\"> al contingut<\/span><\/li><li style=\"font-weight: 400\"><span style=\"font-weight: 400\">formular qualsevol altre <\/span><b>consulta o sugger\u00e8ncia de millora <\/b><span style=\"font-weight: 400\">relativa a l\u2019accessibilitat del lloc web.<\/span><\/li><\/ul><p><span style=\"font-weight: 400\">a trav\u00e9s del correu electr\u00f2nic <\/span><span style=\"color: #000000\"><a style=\"color: #000000\" href=\"mailto:info@javajan.com\"><span style=\"font-weight: 400\">info@javajan.com<\/span><\/a><\/span><span style=\"font-weight: 400\"> indicant en l\u2019assumpte el nom de la p\u00e0gina.<\/span><\/p><p>\u00a0<\/p><p><strong>Contingut opcional<\/strong><\/p><p><span style=\"font-weight: 400\">Aquest lloc web:<\/span><\/p><ul><li style=\"font-weight: 400\"><span style=\"font-weight: 400\">S&#8217;ha dissenyat adaptant-se als est\u00e0ndards i normatives vigents en relaci\u00f3 amb l&#8217;accessibilitat, complint amb els punts de verificaci\u00f3 de prioritat 2 (AA) definits a l&#8217;especificaci\u00f3 de Pautes d&#8217;Accessibilitat al Contingut a la Web (WCAG 2.1).<\/span><\/li><li style=\"font-weight: 400\"><span style=\"font-weight: 400\">Compleix els requisits de la Norma <\/span><span style=\"color: #000000\"><a style=\"color: #000000\" href=\"https:\/\/administracionelectronica.gob.es\/pae_Home\/dam\/jcr:2352eaaf-2ee8-4501-a67b-bb682c6de934\/Norma_UNE-EN_301549.pdf\"><span style=\"font-weight: 400\">UNE-EN 301549 v1.1.2:2015<\/span><\/a><\/span><span style=\"font-weight: 400\">, considerant les excepcions del Real Decreto 1112\/2018.<\/span><\/li><li style=\"font-weight: 400\"><span style=\"font-weight: 400\">Est\u00e0 dissenyat per a la seva correcta visualitzaci\u00f3 en dispositius d\u2019escriptori, tablet i m\u00f2bils per a una resoluci\u00f3 m\u00ednima de <\/span><b>1280&#215;1024.<\/b><\/li><li style=\"font-weight: 400\"><span style=\"font-weight: 400\">S&#8217;ha realitzat utilitzant HTML5 com a llenguatge de marcatge i fulls d&#8217;estil CSS 3 pel disseny.<\/span><\/li><\/ul>\t<\/div>\n<\/div>\n\t\t\t\t<\/div>\n\t\t\t\t<\/div>\n\t\t\t\t\t<\/div>\r\n\t\t\t\t<\/div>\r\n\t\t\t\t<\/div>\n\t\t","protected":false},"excerpt":{"rendered":"<p>Serveis d\u2019Internet Javajan SL,\u00a0 s\u2019ha comprom\u00e8s a fer accessibles els seus llocs web, de conformitat amb el\u00a0 Real Decreto 1112\/2018, del 7 de setembre, sobre accessibilitat dels llocs web i aplicacions per a dispositius m\u00f2bils, per la qual es trasposa a l&#8217;ordenament jur\u00eddic espanyol la Directiva (UE) 2016\/2102 del Parlamento Europeo y del Consejo. La [&hellip;]<\/p>\n","protected":false},"author":1,"featured_media":0,"parent":0,"menu_order":0,"comment_status":"closed","ping_status":"open","template":"","meta":{"footnotes":""},"class_list":["post-18343","page","type-page","status-publish","hentry"],"_links":{"self":[{"href":"https:\/\/xevivilaregut.predev.eu\/ca\/wp-json\/wp\/v2\/pages\/18343","targetHints":{"allow":["GET"]}}],"collection":[{"href":"https:\/\/xevivilaregut.predev.eu\/ca\/wp-json\/wp\/v2\/pages"}],"about":[{"href":"https:\/\/xevivilaregut.predev.eu\/ca\/wp-json\/wp\/v2\/types\/page"}],"author":[{"embeddable":true,"href":"https:\/\/xevivilaregut.predev.eu\/ca\/wp-json\/wp\/v2\/users\/1"}],"replies":[{"embeddable":true,"href":"https:\/\/xevivilaregut.predev.eu\/ca\/wp-json\/wp\/v2\/comments?post=18343"}],"version-history":[{"count":7,"href":"https:\/\/xevivilaregut.predev.eu\/ca\/wp-json\/wp\/v2\/pages\/18343\/revisions"}],"predecessor-version":[{"id":18371,"href":"https:\/\/xevivilaregut.predev.eu\/ca\/wp-json\/wp\/v2\/pages\/18343\/revisions\/18371"}],"wp:attachment":[{"href":"https:\/\/xevivilaregut.predev.eu\/ca\/wp-json\/wp\/v2\/media?parent=18343"}],"curies":[{"name":"wp","href":"https:\/\/api.w.org\/{rel}","templated":true}]}}